{"id":715,"date":"2021-04-22T17:22:51","date_gmt":"2021-04-22T15:22:51","guid":{"rendered":"https:\/\/fizjograwitacja.pl\/?page_id=715"},"modified":"2021-04-22T18:03:30","modified_gmt":"2021-04-22T16:03:30","slug":"zaopatrzenie-medyczne","status":"publish","type":"page","link":"https:\/\/fizjograwitacja.pl\/index.php\/zaopatrzenie-medyczne\/","title":{"rendered":"Zaopatrzenie medyczne"},"content":{"rendered":"\t\t<div data-elementor-type=\"wp-page\" data-elementor-id=\"715\" class=\"elementor elementor-715\" data-elementor-settings=\"{&quot;ha_cmc_init_switcher&quot;:&quot;no&quot;}\">\n\t\t\t\t\t\t<section class=\"elementor-section elementor-top-section elementor-element elementor-element-6ca22021 elementor-section-boxed elementor-section-height-default elementor-section-height-default\" data-id=\"6ca22021\" data-element_type=\"section\" data-e-type=\"section\" data-settings=\"{&quot;background_background&quot;:&quot;classic&quot;,&quot;_ha_eqh_enable&quot;:false}\">\n\t\t\t\t\t\t<div class=\"elementor-container elementor-column-gap-default\">\n\t\t\t\t\t<div class=\"elementor-column elementor-col-100 elementor-top-column elementor-element elementor-element-3ec709d4\" data-id=\"3ec709d4\" data-element_type=\"column\" data-e-type=\"column\">\n\t\t\t<div class=\"elementor-widget-wrap elementor-element-populated\">\n\t\t\t\t\t\t<div class=\"elementor-element elementor-element-7132d1a8 elementor-widget elementor-widget-image\" data-id=\"7132d1a8\" data-element_type=\"widget\" data-e-type=\"widget\" data-widget_type=\"image.default\">\n\t\t\t\t<div class=\"elementor-widget-container\">\n\t\t\t\t\t\t\t\t\t\t\t\t\t\t\t<img fetchpriority=\"high\" decoding=\"async\" width=\"591\" height=\"640\" src=\"https:\/\/fizjograwitacja.pl\/uploads\/2021\/04\/crutch-2717745_640.png\" class=\"attachment-medium_large size-medium_large wp-image-407\" alt=\"\" srcset=\"https:\/\/fizjograwitacja.pl\/uploads\/2021\/04\/crutch-2717745_640.png 591w, https:\/\/fizjograwitacja.pl\/uploads\/2021\/04\/crutch-2717745_640-277x300.png 277w\" sizes=\"(max-width: 591px) 100vw, 591px\" \/>\t\t\t\t\t\t\t\t\t\t\t\t\t\t\t<\/div>\n\t\t\t\t<\/div>\n\t\t\t\t<div class=\"elementor-element elementor-element-7316179d elementor-widget elementor-widget-text-editor\" data-id=\"7316179d\" data-element_type=\"widget\" data-e-type=\"widget\" data-widget_type=\"text-editor.default\">\n\t\t\t\t<div class=\"elementor-widget-container\">\n\t\t\t\t\t\t\t\t\t<p>\u201e<span style=\"font-family: sans-serif;\"><span style=\"font-size: small;\">Zaopatrzenie ortopedyczne to<\/span><\/span> <span style=\"font-family: sans-serif;\"><span style=\"font-size: small;\">ca\u0142okszta\u0142t dzia\u0142a\u0144 zwi\u0105zanych z doborem, budow\u0105, dopasowaniem i stosowaniem przedmiot\u00f3w ortopedycznych.\u201d<\/span><\/span><\/p><p><span style=\"font-family: sans-serif;\"><span style=\"font-size: small;\">Zaopatrzenie ortopedyczne pe\u0142ni istotn\u0105 rol\u0119 w leczeniu i kompleksowej<\/span><\/span><span style=\"font-family: sans-serif;\"><span style=\"font-size: small;\"> rehabilitacji <\/span><\/span><span style=\"font-family: sans-serif;\"><span style=\"font-size: small;\">chorych z r\u00f3\u017cnymi dysfunkcjami narz\u0105du ruchu. Spe\u0142niaj\u0105 one proste funkcje mechaniczne, np.:<\/span><\/span><\/p><p><span style=\"font-family: sans-serif;\"><span style=\"font-size: small;\">&#8211; tworz\u0105 podparcie dla masy cia\u0142a: laski, tr\u00f3jnogi, czw\u00f3rnogi, kule \u0142okciowe, chodziki, balkoniki,<br \/><\/span><\/span><span style=\"font-size: 21px; font-family: sans-serif;\"><span style=\"font-size: small;\">&#8211; koryguj\u0105 zniekszta\u0142cenia,<\/span><\/span>\u00a0<br \/><span style=\"font-size: small;\">\u00a0-poprawiaj\u0105 stabilizacj\u0119 ko\u0144czyn g\u00f3rnych i dolnych: \u0142uski czy obuwie ortopedyczne.<\/span><\/p><p><span style=\"font-family: sans-serif;\"><span style=\"font-size: small;\">Oczywi\u015bcie jest to tylko kilka przyk\u0142ad\u00f3w tego jak du\u017c\u0105 i wa\u017cn\u0105 dziedzin\u0105 jest zaopatrzenie ortopedyczne.<\/span><\/span><\/p><p><span style=\"font-family: sans-serif;\"><span style=\"font-size: small;\">Nasza GRAWITACJA wsp\u00f3\u0142pracuje z kilkoma firmami zajmuj\u0105cymi si\u0119 w\u0142a\u015bnie t\u0105 problematyk\u0105. Pomo\u017cemy w kontakcie, doradzimy, zorganizujemy spotkanie pokazowe<\/span><\/span><\/p>\t\t\t\t\t\t\t\t<\/div>\n\t\t\t\t<\/div>\n\t\t\t\t<div class=\"elementor-element elementor-element-f3c0c21 elementor-align-center elementor-widget elementor-widget-button\" data-id=\"f3c0c21\" data-element_type=\"widget\" data-e-type=\"widget\" data-widget_type=\"button.default\">\n\t\t\t\t<div class=\"elementor-widget-container\">\n\t\t\t\t\t\t\t\t\t<div class=\"elementor-button-wrapper\">\n\t\t\t\t\t<a class=\"elementor-button elementor-button-link elementor-size-sm\" href=\"http:\/\/www.fizjograwitacja.pl\">\n\t\t\t\t\t\t<span class=\"elementor-button-content-wrapper\">\n\t\t\t\t\t\t\t\t\t<span class=\"elementor-button-text\">Powr\u00f3t do strony g\u0142\u00f3wnej<\/span>\n\t\t\t\t\t<\/span>\n\t\t\t\t\t<\/a>\n\t\t\t\t<\/div>\n\t\t\t\t\t\t\t\t<\/div>\n\t\t\t\t<\/div>\n\t\t\t\t\t<\/div>\n\t\t<\/div>\n\t\t\t\t\t<\/div>\n\t\t<\/section>\n\t\t\t\t<\/div>\n\t\t","protected":false},"excerpt":{"rendered":"<p>\u201eZaopatrzenie ortopedyczne to ca\u0142okszta\u0142t dzia\u0142a\u0144 zwi\u0105zanych z doborem, budow\u0105, dopasowaniem i stosowaniem przedmiot\u00f3w ortopedycznych.\u201d Zaopatrzenie ortopedyczne pe\u0142ni istotn\u0105 rol\u0119 w leczeniu i kompleksowej rehabilitacji chorych z r\u00f3\u017cnymi dysfunkcjami narz\u0105du ruchu. Spe\u0142niaj\u0105 one proste funkcje mechaniczne, np.: &#8211; tworz\u0105 podparcie dla masy cia\u0142a: laski, tr\u00f3jnogi, czw\u00f3rnogi, kule \u0142okciowe, chodziki, balkoniki,&#8211; koryguj\u0105 zniekszta\u0142cenia,\u00a0\u00a0-poprawiaj\u0105 stabilizacj\u0119 ko\u0144czyn g\u00f3rnych i [&hellip;]<\/p>\n","protected":false},"author":1,"featured_media":0,"parent":0,"menu_order":0,"comment_status":"closed","ping_status":"closed","template":"","meta":{"om_disable_all_campaigns":false,"_monsterinsights_skip_tracking":false,"_monsterinsights_sitenote_active":false,"_monsterinsights_sitenote_note":"","_monsterinsights_sitenote_category":0,"ocean_post_layout":"full-width","ocean_both_sidebars_style":"","ocean_both_sidebars_content_width":0,"ocean_both_sidebars_sidebars_width":0,"ocean_sidebar":"0","ocean_second_sidebar":"0","ocean_disable_margins":"enable","ocean_add_body_class":"","ocean_shortcode_before_top_bar":"","ocean_shortcode_after_top_bar":"","ocean_shortcode_before_header":"","ocean_shortcode_after_header":"","ocean_has_shortcode":"","ocean_shortcode_after_title":"","ocean_shortcode_before_footer_widgets":"","ocean_shortcode_after_footer_widgets":"","ocean_shortcode_before_footer_bottom":"","ocean_shortcode_after_footer_bottom":"","ocean_display_top_bar":"default","ocean_display_header":"off","ocean_header_style":"","ocean_center_header_left_menu":"0","ocean_custom_header_template":"0","ocean_custom_logo":0,"ocean_custom_retina_logo":0,"ocean_custom_logo_max_width":0,"ocean_custom_logo_tablet_max_width":0,"ocean_custom_logo_mobile_max_width":0,"ocean_custom_logo_max_height":0,"ocean_custom_logo_tablet_max_height":0,"ocean_custom_logo_mobile_max_height":0,"ocean_header_custom_menu":"0","ocean_menu_typo_font_family":"0","ocean_menu_typo_font_subset":"","ocean_menu_typo_font_size":0,"ocean_menu_typo_font_size_tablet":0,"ocean_menu_typo_font_size_mobile":0,"ocean_menu_typo_font_size_unit":"px","ocean_menu_typo_font_weight":"","ocean_menu_typo_font_weight_tablet":"","ocean_menu_typo_font_weight_mobile":"","ocean_menu_typo_transform":"","ocean_menu_typo_transform_tablet":"","ocean_menu_typo_transform_mobile":"","ocean_menu_typo_line_height":0,"ocean_menu_typo_line_height_tablet":0,"ocean_menu_typo_line_height_mobile":0,"ocean_menu_typo_line_height_unit":"","ocean_menu_typo_spacing":0,"ocean_menu_typo_spacing_tablet":0,"ocean_menu_typo_spacing_mobile":0,"ocean_menu_typo_spacing_unit":"","ocean_menu_link_color":"","ocean_menu_link_color_hover":"","ocean_menu_link_color_active":"","ocean_menu_link_background":"","ocean_menu_link_hover_background":"","ocean_menu_link_active_background":"","ocean_menu_social_links_bg":"","ocean_menu_social_hover_links_bg":"","ocean_menu_social_links_color":"","ocean_menu_social_hover_links_color":"","ocean_disable_title":"on","ocean_disable_heading":"default","ocean_post_title":"","ocean_post_subheading":"","ocean_post_title_style":"","ocean_post_title_background_color":"","ocean_post_title_background":0,"ocean_post_title_bg_image_position":"","ocean_post_title_bg_image_attachment":"","ocean_post_title_bg_image_repeat":"","ocean_post_title_bg_image_size":"","ocean_post_title_height":0,"ocean_post_title_bg_overlay":0.5,"ocean_post_title_bg_overlay_color":"","ocean_disable_breadcrumbs":"default","ocean_breadcrumbs_color":"","ocean_breadcrumbs_separator_color":"","ocean_breadcrumbs_links_color":"","ocean_breadcrumbs_links_hover_color":"","ocean_display_footer_widgets":"default","ocean_display_footer_bottom":"default","ocean_custom_footer_template":"0","footnotes":""},"class_list":["post-715","page","type-page","status-publish","hentry","entry"],"aioseo_notices":[],"_links":{"self":[{"href":"https:\/\/fizjograwitacja.pl\/index.php\/wp-json\/wp\/v2\/pages\/715","targetHints":{"allow":["GET"]}}],"collection":[{"href":"https:\/\/fizjograwitacja.pl\/index.php\/wp-json\/wp\/v2\/pages"}],"about":[{"href":"https:\/\/fizjograwitacja.pl\/index.php\/wp-json\/wp\/v2\/types\/page"}],"author":[{"embeddable":true,"href":"https:\/\/fizjograwitacja.pl\/index.php\/wp-json\/wp\/v2\/users\/1"}],"replies":[{"embeddable":true,"href":"https:\/\/fizjograwitacja.pl\/index.php\/wp-json\/wp\/v2\/comments?post=715"}],"version-history":[{"count":10,"href":"https:\/\/fizjograwitacja.pl\/index.php\/wp-json\/wp\/v2\/pages\/715\/revisions"}],"predecessor-version":[{"id":743,"href":"https:\/\/fizjograwitacja.pl\/index.php\/wp-json\/wp\/v2\/pages\/715\/revisions\/743"}],"wp:attachment":[{"href":"https:\/\/fizjograwitacja.pl\/index.php\/wp-json\/wp\/v2\/media?parent=715"}],"curies":[{"name":"wp","href":"https:\/\/api.w.org\/{rel}","templated":true}]}}