{"id":644,"date":"2021-04-21T18:19:51","date_gmt":"2021-04-21T16:19:51","guid":{"rendered":"https:\/\/fizjograwitacja.pl\/?page_id=644"},"modified":"2021-04-21T19:50:47","modified_gmt":"2021-04-21T17:50:47","slug":"masaz-aromaterapeutyczny","status":"publish","type":"page","link":"https:\/\/fizjograwitacja.pl\/index.php\/masaz-aromaterapeutyczny\/","title":{"rendered":"Masa\u017c aromaterapeutyczny"},"content":{"rendered":"\t\t<div data-elementor-type=\"wp-page\" data-elementor-id=\"644\" class=\"elementor elementor-644\" data-elementor-settings=\"{&quot;ha_cmc_init_switcher&quot;:&quot;no&quot;}\">\n\t\t\t\t\t\t<section class=\"elementor-section elementor-top-section elementor-element elementor-element-3a113016 elementor-section-boxed elementor-section-height-default elementor-section-height-default\" data-id=\"3a113016\" data-element_type=\"section\" data-e-type=\"section\" data-settings=\"{&quot;background_background&quot;:&quot;classic&quot;,&quot;_ha_eqh_enable&quot;:false}\">\n\t\t\t\t\t\t<div class=\"elementor-container elementor-column-gap-default\">\n\t\t\t\t\t<div class=\"elementor-column elementor-col-100 elementor-top-column elementor-element elementor-element-1236448f\" data-id=\"1236448f\" data-element_type=\"column\" data-e-type=\"column\">\n\t\t\t<div class=\"elementor-widget-wrap elementor-element-populated\">\n\t\t\t\t\t\t<div class=\"elementor-element elementor-element-1dbd3dab elementor-widget elementor-widget-image\" data-id=\"1dbd3dab\" data-element_type=\"widget\" data-e-type=\"widget\" data-widget_type=\"image.default\">\n\t\t\t\t<div class=\"elementor-widget-container\">\n\t\t\t\t\t\t\t\t\t\t\t\t\t\t\t<img fetchpriority=\"high\" decoding=\"async\" width=\"768\" height=\"492\" src=\"https:\/\/fizjograwitacja.pl\/uploads\/2021\/04\/aromaterapia_Easy-Resize.com_-768x492.jpg\" class=\"attachment-medium_large size-medium_large wp-image-608\" alt=\"\" srcset=\"https:\/\/fizjograwitacja.pl\/uploads\/2021\/04\/aromaterapia_Easy-Resize.com_-768x492.jpg 768w, https:\/\/fizjograwitacja.pl\/uploads\/2021\/04\/aromaterapia_Easy-Resize.com_-300x192.jpg 300w, https:\/\/fizjograwitacja.pl\/uploads\/2021\/04\/aromaterapia_Easy-Resize.com_.jpg 800w\" sizes=\"(max-width: 768px) 100vw, 768px\" \/>\t\t\t\t\t\t\t\t\t\t\t\t\t\t\t<\/div>\n\t\t\t\t<\/div>\n\t\t\t\t<div class=\"elementor-element elementor-element-6d63a8f3 elementor-widget elementor-widget-text-editor\" data-id=\"6d63a8f3\" data-element_type=\"widget\" data-e-type=\"widget\" data-widget_type=\"text-editor.default\">\n\t\t\t\t<div class=\"elementor-widget-container\">\n\t\t\t\t\t\t\t\t\t<p align=\"justify\"><span style=\"color: #ffffff;\"><span style=\"font-family: Times New Roman, serif;\"><span style=\"font-size: medium;\">Aromaty w pozytywny spos\u00f3b mog\u0105 wp\u0142ywa\u0107 na Nasze cia\u0142o. Docieraj\u0105 bowiem one do naszego m\u00f3zgu i zaczynaj\u0105 dzia\u0142a\u0107 mi\u0119dzy innymi na nasz uk\u0142ad limbiczny, kt\u00f3ry odpowiada za emocje takie jak l\u0119k czy uczucie przyjemno\u015bci. <\/span><\/span><\/span><\/p><p align=\"justify\"><span style=\"color: #ffffff;\"><span style=\"font-family: Times New Roman, serif;\"><span style=\"font-size: medium;\">Leczenie zapachem mo\u017cemy wi\u0119c dzi\u015b uskutecznia\u0107 poprzez przebywanie <br \/>w pomieszczeniach z pachn\u0105cych olejkami czy masa\u017c.<\/span><\/span><\/span><\/p><p align=\"justify\"><span style=\"color: #ffffff;\"><span style=\"font-family: Times New Roman, serif;\"><span style=\"font-size: medium;\">Jaki olejek na jakie schorzenie?<\/span><\/span><\/span><\/p><ul><li style=\"list-style-type: none;\"><ul><li>\u00a0<strong style=\"font-size: 18px;\"><span style=\"font-family: Times New Roman, serif;\"><span style=\"font-size: medium;\"><b>B\u00f3le g\u0142owy, migreny\u00a0<\/b><\/span><\/span><\/strong><span style=\"font-size: 18px; font-family: 'Times New Roman', serif;\"><span style=\"font-size: medium;\">\u2013 lawendowy, mi\u0119towy, eukaliptusowy, grejpfrutowy\u00a0<\/span><\/span><\/li><\/ul><\/li><\/ul><ul><li style=\"list-style-type: none;\"><ul><li>\u00a0<strong style=\"font-size: 18px;\"><span style=\"font-family: Times New Roman, serif;\"><span style=\"font-size: medium;\"><b>B\u00f3le reumatyczne, artretyzm\u00a0<\/b><\/span><\/span><\/strong><span style=\"font-size: 18px; font-family: 'Times New Roman', serif;\"><span style=\"font-size: medium;\">\u2013 sosnowy, eukaliptusowy, go\u017adzikowy, sza\u0142wiowy, cynamonowy, rozmarynowy\u00a0<\/span><\/span><\/li><\/ul><\/li><\/ul><ul><li style=\"list-style-type: none;\"><ul><li>\u00a0<strong style=\"font-size: 18px;\"><span style=\"font-family: Times New Roman, serif;\"><span style=\"font-size: medium;\"><b>Przy obni\u017conej odporno\u015bci organizmu\u00a0<\/b><\/span><\/span><\/strong><span style=\"font-size: 18px; font-family: 'Times New Roman', serif;\"><span style=\"font-size: medium;\">\u2013 z drzewa herbacianego, go\u017adzikowy, tymiankowy, cytrynowy\u00a0<\/span><\/span><\/li><\/ul><\/li><\/ul><ul><li style=\"list-style-type: none;\"><ul><li>\u00a0<strong style=\"font-size: 18px;\"><span style=\"font-family: Times New Roman, serif;\"><span style=\"font-size: medium;\"><b>Nadpobudliwo\u015b\u0107, nadci\u015bnienie t\u0119tnicze, bezsenno\u015b\u0107 \u2013\u00a0<\/b><\/span><\/span><\/strong><span style=\"font-size: 18px; font-family: 'Times New Roman', serif;\"><span style=\"font-size: medium;\">melisowy, cytrynowy, pomara\u0144czowy, lawendowy, geraniowy\u00a0<\/span><\/span><\/li><\/ul><\/li><\/ul><ul><li style=\"list-style-type: none;\"><ul><li><strong style=\"font-size: 18px;\"><span style=\"font-family: Times New Roman, serif;\"><span style=\"font-size: medium;\"><b>\u00a0Zdenerwowanie<\/b><\/span><\/span><\/strong><span style=\"font-size: 18px; font-family: 'Times New Roman', serif;\"><span style=\"font-size: medium;\">\u00a0\u2013 lawendowy, melisowy, pomara\u0144czowy, sanda\u0142owy\u00a0<\/span><\/span><\/li><\/ul><\/li><\/ul><ul><li style=\"list-style-type: none;\"><ul><li>\u00a0<strong style=\"font-size: 18px;\"><span style=\"font-family: Times New Roman, serif;\"><span style=\"font-size: medium;\"><b>Zaburzenia uk\u0142adu kr\u0105\u017cenia\u00a0<\/b><\/span><\/span><\/strong><span style=\"font-size: 18px; font-family: 'Times New Roman', serif;\"><span style=\"font-size: medium;\">\u2013 rozmarynowy, sosnowy, lawendowy\u00a0<\/span><\/span><\/li><\/ul><\/li><\/ul><ul><li style=\"list-style-type: none;\"><ul><li>\u00a0<strong style=\"font-size: 18px;\"><span style=\"font-family: Times New Roman, serif;\"><span style=\"font-size: medium;\"><b>Niskie ci\u015bnienie t\u0119tnicze, nadmierna senno\u015b\u0107 \u2013\u00a0<\/b><\/span><\/span><\/strong><span style=\"font-size: 18px; font-family: 'Times New Roman', serif;\"><span style=\"font-size: medium;\">tymiankowy, eukaliptusowy, sza\u0142wiowy, go\u017adzikowy, cedrowy<\/span><\/span><\/li><\/ul><\/li><\/ul><p align=\"justify\">\u00a0<\/p>\t\t\t\t\t\t\t\t<\/div>\n\t\t\t\t<\/div>\n\t\t\t\t<div class=\"elementor-element elementor-element-6505acba elementor-align-center elementor-widget elementor-widget-button\" data-id=\"6505acba\" data-element_type=\"widget\" data-e-type=\"widget\" data-widget_type=\"button.default\">\n\t\t\t\t<div class=\"elementor-widget-container\">\n\t\t\t\t\t\t\t\t\t<div class=\"elementor-button-wrapper\">\n\t\t\t\t\t<a class=\"elementor-button elementor-button-link elementor-size-sm\" href=\"http:\/\/www.fizjograwitacja.pl\">\n\t\t\t\t\t\t<span class=\"elementor-button-content-wrapper\">\n\t\t\t\t\t\t\t\t\t<span class=\"elementor-button-text\">Powr\u00f3t do strony g\u0142\u00f3wnej<\/span>\n\t\t\t\t\t<\/span>\n\t\t\t\t\t<\/a>\n\t\t\t\t<\/div>\n\t\t\t\t\t\t\t\t<\/div>\n\t\t\t\t<\/div>\n\t\t\t\t\t<\/div>\n\t\t<\/div>\n\t\t\t\t\t<\/div>\n\t\t<\/section>\n\t\t\t\t<\/div>\n\t\t","protected":false},"excerpt":{"rendered":"<p>Aromaty w pozytywny spos\u00f3b mog\u0105 wp\u0142ywa\u0107 na Nasze cia\u0142o. Docieraj\u0105 bowiem one do naszego m\u00f3zgu i zaczynaj\u0105 dzia\u0142a\u0107 mi\u0119dzy innymi na nasz uk\u0142ad limbiczny, kt\u00f3ry odpowiada za emocje takie jak l\u0119k czy uczucie przyjemno\u015bci. Leczenie zapachem mo\u017cemy wi\u0119c dzi\u015b uskutecznia\u0107 poprzez przebywanie w pomieszczeniach z pachn\u0105cych olejkami czy masa\u017c. Jaki olejek na jakie schorzenie? &nbsp;B\u00f3le [&hellip;]<\/p>\n","protected":false},"author":1,"featured_media":0,"parent":0,"menu_order":0,"comment_status":"closed","ping_status":"closed","template":"","meta":{"om_disable_all_campaigns":false,"_monsterinsights_skip_tracking":false,"_monsterinsights_sitenote_active":false,"_monsterinsights_sitenote_note":"","_monsterinsights_sitenote_category":0,"ocean_post_layout":"full-width","ocean_both_sidebars_style":"","ocean_both_sidebars_content_width":0,"ocean_both_sidebars_sidebars_width":0,"ocean_sidebar":"0","ocean_second_sidebar":"0","ocean_disable_margins":"enable","ocean_add_body_class":"","ocean_shortcode_before_top_bar":"","ocean_shortcode_after_top_bar":"","ocean_shortcode_before_header":"","ocean_shortcode_after_header":"","ocean_has_shortcode":"","ocean_shortcode_after_title":"","ocean_shortcode_before_footer_widgets":"","ocean_shortcode_after_footer_widgets":"","ocean_shortcode_before_footer_bottom":"","ocean_shortcode_after_footer_bottom":"","ocean_display_top_bar":"default","ocean_display_header":"off","ocean_header_style":"","ocean_center_header_left_menu":"0","ocean_custom_header_template":"0","ocean_custom_logo":0,"ocean_custom_retina_logo":0,"ocean_custom_logo_max_width":0,"ocean_custom_logo_tablet_max_width":0,"ocean_custom_logo_mobile_max_width":0,"ocean_custom_logo_max_height":0,"ocean_custom_logo_tablet_max_height":0,"ocean_custom_logo_mobile_max_height":0,"ocean_header_custom_menu":"0","ocean_menu_typo_font_family":"0","ocean_menu_typo_font_subset":"","ocean_menu_typo_font_size":0,"ocean_menu_typo_font_size_tablet":0,"ocean_menu_typo_font_size_mobile":0,"ocean_menu_typo_font_size_unit":"px","ocean_menu_typo_font_weight":"","ocean_menu_typo_font_weight_tablet":"","ocean_menu_typo_font_weight_mobile":"","ocean_menu_typo_transform":"","ocean_menu_typo_transform_tablet":"","ocean_menu_typo_transform_mobile":"","ocean_menu_typo_line_height":0,"ocean_menu_typo_line_height_tablet":0,"ocean_menu_typo_line_height_mobile":0,"ocean_menu_typo_line_height_unit":"","ocean_menu_typo_spacing":0,"ocean_menu_typo_spacing_tablet":0,"ocean_menu_typo_spacing_mobile":0,"ocean_menu_typo_spacing_unit":"","ocean_menu_link_color":"","ocean_menu_link_color_hover":"","ocean_menu_link_color_active":"","ocean_menu_link_background":"","ocean_menu_link_hover_background":"","ocean_menu_link_active_background":"","ocean_menu_social_links_bg":"","ocean_menu_social_hover_links_bg":"","ocean_menu_social_links_color":"","ocean_menu_social_hover_links_color":"","ocean_disable_title":"on","ocean_disable_heading":"default","ocean_post_title":"","ocean_post_subheading":"","ocean_post_title_style":"","ocean_post_title_background_color":"","ocean_post_title_background":0,"ocean_post_title_bg_image_position":"","ocean_post_title_bg_image_attachment":"","ocean_post_title_bg_image_repeat":"","ocean_post_title_bg_image_size":"","ocean_post_title_height":0,"ocean_post_title_bg_overlay":0.5,"ocean_post_title_bg_overlay_color":"","ocean_disable_breadcrumbs":"default","ocean_breadcrumbs_color":"","ocean_breadcrumbs_separator_color":"","ocean_breadcrumbs_links_color":"","ocean_breadcrumbs_links_hover_color":"","ocean_display_footer_widgets":"default","ocean_display_footer_bottom":"default","ocean_custom_footer_template":"0","footnotes":""},"class_list":["post-644","page","type-page","status-publish","hentry","entry"],"aioseo_notices":[],"_hostinger_reach_plugin_has_subscription_block":false,"_hostinger_reach_plugin_is_elementor":false,"_links":{"self":[{"href":"https:\/\/fizjograwitacja.pl\/index.php\/wp-json\/wp\/v2\/pages\/644","targetHints":{"allow":["GET"]}}],"collection":[{"href":"https:\/\/fizjograwitacja.pl\/index.php\/wp-json\/wp\/v2\/pages"}],"about":[{"href":"https:\/\/fizjograwitacja.pl\/index.php\/wp-json\/wp\/v2\/types\/page"}],"author":[{"embeddable":true,"href":"https:\/\/fizjograwitacja.pl\/index.php\/wp-json\/wp\/v2\/users\/1"}],"replies":[{"embeddable":true,"href":"https:\/\/fizjograwitacja.pl\/index.php\/wp-json\/wp\/v2\/comments?post=644"}],"version-history":[{"count":5,"href":"https:\/\/fizjograwitacja.pl\/index.php\/wp-json\/wp\/v2\/pages\/644\/revisions"}],"predecessor-version":[{"id":650,"href":"https:\/\/fizjograwitacja.pl\/index.php\/wp-json\/wp\/v2\/pages\/644\/revisions\/650"}],"wp:attachment":[{"href":"https:\/\/fizjograwitacja.pl\/index.php\/wp-json\/wp\/v2\/media?parent=644"}],"curies":[{"name":"wp","href":"https:\/\/api.w.org\/{rel}","templated":true}]}}