{"id":637,"date":"2021-04-21T18:15:40","date_gmt":"2021-04-21T16:15:40","guid":{"rendered":"https:\/\/fizjograwitacja.pl\/?page_id=637"},"modified":"2021-04-21T19:49:47","modified_gmt":"2021-04-21T17:49:47","slug":"masaz-goracymi-kamieniami","status":"publish","type":"page","link":"https:\/\/fizjograwitacja.pl\/index.php\/masaz-goracymi-kamieniami\/","title":{"rendered":"Masa\u017c gor\u0105cymi kamieniami"},"content":{"rendered":"\t\t<div data-elementor-type=\"wp-page\" data-elementor-id=\"637\" class=\"elementor elementor-637\" data-elementor-settings=\"{&quot;ha_cmc_init_switcher&quot;:&quot;no&quot;}\">\n\t\t\t\t\t\t<section class=\"elementor-section elementor-top-section elementor-element elementor-element-20bd5430 elementor-section-boxed elementor-section-height-default elementor-section-height-default\" data-id=\"20bd5430\" data-element_type=\"section\" data-e-type=\"section\" data-settings=\"{&quot;background_background&quot;:&quot;classic&quot;,&quot;_ha_eqh_enable&quot;:false}\">\n\t\t\t\t\t\t<div class=\"elementor-container elementor-column-gap-default\">\n\t\t\t\t\t<div class=\"elementor-column elementor-col-100 elementor-top-column elementor-element elementor-element-724d34c7\" data-id=\"724d34c7\" data-element_type=\"column\" data-e-type=\"column\">\n\t\t\t<div class=\"elementor-widget-wrap elementor-element-populated\">\n\t\t\t\t\t\t<div class=\"elementor-element elementor-element-192d9baa elementor-widget elementor-widget-image\" data-id=\"192d9baa\" data-element_type=\"widget\" data-e-type=\"widget\" data-widget_type=\"image.default\">\n\t\t\t\t<div class=\"elementor-widget-container\">\n\t\t\t\t\t\t\t\t\t\t\t\t\t\t\t<img fetchpriority=\"high\" decoding=\"async\" width=\"768\" height=\"432\" src=\"https:\/\/fizjograwitacja.pl\/uploads\/2021\/04\/IMG_20210329_114333_644_Easy-Resize.com_-768x432.jpg\" class=\"attachment-medium_large size-medium_large wp-image-640\" alt=\"\" srcset=\"https:\/\/fizjograwitacja.pl\/uploads\/2021\/04\/IMG_20210329_114333_644_Easy-Resize.com_-768x432.jpg 768w, https:\/\/fizjograwitacja.pl\/uploads\/2021\/04\/IMG_20210329_114333_644_Easy-Resize.com_-300x169.jpg 300w, https:\/\/fizjograwitacja.pl\/uploads\/2021\/04\/IMG_20210329_114333_644_Easy-Resize.com_.jpg 800w\" sizes=\"(max-width: 768px) 100vw, 768px\" \/>\t\t\t\t\t\t\t\t\t\t\t\t\t\t\t<\/div>\n\t\t\t\t<\/div>\n\t\t\t\t<div class=\"elementor-element elementor-element-3145c90 elementor-widget elementor-widget-text-editor\" data-id=\"3145c90\" data-element_type=\"widget\" data-e-type=\"widget\" data-widget_type=\"text-editor.default\">\n\t\t\t\t<div class=\"elementor-widget-container\">\n\t\t\t\t\t\t\t\t\t<p style=\"margin-bottom: 0cm;\" align=\"center\"><span style=\"color: #ffffff;\"><span style=\"font-family: Cambria, serif;\"><span style=\"font-size: 12pt;\">Masa\u017c Gor\u0105cymi kamieniami<\/span><\/span><\/span><\/p><p style=\"margin-bottom: 0cm;\" align=\"center\">\u00a0<\/p><p style=\"text-indent: 1.01cm; margin-bottom: 0cm; page-break-before: auto;\"><span style=\"color: #ffffff;\"><span style=\"font-size: 12pt;\">Masa\u017c gor\u0105cymi kamieniami to idealny spos\u00f3b na relaks. Ale czy wiecie, \u017ce ten masa\u017c ma r\u00f3wnie\u017c w\u0142a\u015bciwo\u015bci lecznicze? <\/span><\/span><\/p><p style=\"margin-bottom: 0cm;\">\u00a0<\/p><p style=\"text-indent: 1.01cm; margin-bottom: 0cm; page-break-before: auto;\"><span style=\"color: #ffffff;\"><span style=\"font-size: 12pt;\">Bazalt to najbardziej popularny typ kamienia stosowany w terapii gor\u0105cymi kamieniami. Pozbawiony por\u00f3w, o g\u0142adkiej powierzchni, posiada wyj\u0105tkowe w\u0142a\u015bciwo\u015bci do utrzymywania ciep\u0142a. Wysoka zawarto\u015b\u0107 rdzy w bazalcie, powoduje przyspieszenie leczenia chor\u00f3b naczy\u0144 krwiono\u015bnych, wp\u0142ywa rozlu\u017aniaj\u0105co na uk\u0142ad mi\u0119\u015bniowy oraz na popraw\u0119 Naszego nastroju. <\/span><\/span><\/p><p style=\"margin-bottom: 0cm;\">\u00a0<\/p><p style=\"margin-bottom: 0cm;\"><span style=\"color: #ffffff;\"><span style=\"font-size: 12pt;\">Korzy\u015bci terapii?<\/span><\/span><\/p><p style=\"font-variant: normal; font-style: normal; font-weight: normal;\"><span style=\"color: #ffffff;\"><span style=\"font-family: Cambria, serif;\"><span style=\"font-size: 12pt;\">Masa\u017c kamieniami to szerokie spektrum dzia\u0142ania. Wykazuje dobroczynny wp\u0142yw na sk\u00f3r\u0119, tkank\u0119 mi\u0119\u015bniow\u0105, uk\u0142ad kr\u0105\u017cenia i limfatyczny, uk\u0142ad nerwowy. Co jeszcze?<\/span><\/span><\/span><\/p><ul><li><p style=\"margin-bottom: 0cm;\"><span style=\"color: #ffffff;\"><span style=\"font-size: 12pt;\">Poprawia kr\u0105\u017cenie,<\/span><\/span><\/p><\/li><li><p style=\"margin-bottom: 0cm;\"><span style=\"color: #ffffff;\"><span style=\"font-size: 12pt;\">Rozszerza naczynia krwiono\u015bne, powoduj\u0105c lepsz\u0105 cyrkulacje krwi,<\/span><\/span><\/p><\/li><li><p style=\"margin-bottom: 0cm;\"><span style=\"color: #ffffff;\"><span style=\"font-size: 12pt;\">Podwy\u017csza puls, przyspiesza prace serca,<\/span><\/span><\/p><\/li><li><p style=\"margin-bottom: 0cm;\"><span style=\"color: #ffffff;\"><span style=\"font-size: 12pt;\">Zwi\u0119ksza metabolizm kom\u00f3rkowy, co wp\u0142ywa na lepsze przetwarzanie sk\u0142adnik\u00f3w od\u017cywczych i toksyn,<\/span><\/span><\/p><\/li><li><p style=\"margin-bottom: 0cm;\"><span style=\"color: #ffffff;\"><span style=\"font-size: 12pt;\">Zwi\u0119ksza funkcje limfatyczne, przyspiesza detoksykacje, oczyszczanie i wydalanie,<\/span><\/span><\/p><\/li><li><p style=\"margin-bottom: 0cm;\"><span style=\"color: #ffffff;\"><span style=\"font-size: 12pt;\">Powoduje g\u0142\u0119bokie rozlu\u017anienie mi\u0119\u015bni,<\/span><\/span><\/p><\/li><li><p style=\"margin-bottom: 0cm; border-width: initial; border-style: none; padding: 0cm; font-variant: normal; font-style: normal; font-weight: normal;\"><span style=\"color: #ffffff;\"><span style=\"font-family: Cambria, serif;\"><span style=\"font-size: 12pt;\">Poprawia od\u017cywienie sk\u00f3rne,<\/span><\/span><\/span><\/p><\/li><li><p style=\"margin-bottom: 0cm; border-width: initial; border-style: none; padding: 0cm; font-variant: normal; font-style: normal; font-weight: normal;\"><span style=\"color: #ffffff;\"><span style=\"font-family: Cambria, serif;\"><span style=\"font-size: 12pt;\">Zwi\u0119ksza elastyczno\u015b\u0107 i j\u0119drno\u015b\u0107 sk\u00f3ry,<\/span><\/span><\/span><\/p><\/li><li><p style=\"margin-bottom: 0cm; border-width: initial; border-style: none; padding: 0cm; font-variant: normal; font-style: normal; font-weight: normal;\"><span style=\"color: #ffffff;\"><span style=\"font-family: Cambria, serif;\"><span style=\"font-size: 12pt;\">poprawia zdolno\u015b\u0107 mi\u0119\u015bni do wysi\u0142ku,<\/span><\/span><\/span><\/p><\/li><li><p style=\"margin-bottom: 0cm;\"><span style=\"color: #ffffff;\"><span style=\"font-size: 12pt;\">Pomaga pozby\u0107 si\u0119 stresu i napi\u0119cia,<\/span><\/span><\/p><\/li><li><p style=\"margin-bottom: 0cm;\"><span style=\"color: #ffffff;\"><span style=\"font-family: Cambria, serif;\"><span style=\"font-size: 12pt;\">Zapewnia poczucie g\u0142\u0119bokiego relaksu.<\/span><\/span><\/span><\/p><p style=\"margin-bottom: 0cm; font-variant: normal; font-style: normal; font-weight: normal;\">\u00a0<\/p><\/li><\/ul><p style=\"text-indent: 1.01cm; margin-bottom: 0.26cm; border-width: initial; border-style: none; padding: 0cm; font-variant: normal; font-style: normal; font-weight: normal; line-height: 0.58cm; break-before: auto;\"><span style=\"color: #ffffff;\"><span style=\"font-family: Cambria, serif;\"><span style=\"font-size: 12pt;\">Masa\u017c gor\u0105cymi kamieniami bazuje na teorii przep\u0142ywu energii przez organizm cz\u0142owieka. Uwa\u017ca si\u0119, \u017ce w Naszym ciele znajduj\u0105 si\u0119 o\u015brodki energii zwane czakrami. <br \/>Ka\u017cda z nich znajduje si\u0119 w bezpo\u015brednim otoczeniu jednego z gruczo\u0142\u00f3w wydzielania wewn\u0119trznego. Terapeuta uk\u0142ada kamienie zgodnie z mapami rozmieszczenia punkt\u00f3w energetycznych i przesuwa wzd\u0142u\u017c meridian\u00f3w, czyli kana\u0142\u00f3w \u0142\u0105cz\u0105cych punkty. W ten spos\u00f3b usprawniany jest przep\u0142yw energii.<\/span><\/span><\/span><\/p><p style=\"margin-bottom: 0cm; font-variant: normal; font-style: normal; font-weight: normal;\"><span style=\"color: #ffffff;\"><span style=\"font-family: Cambria, serif;\"><span style=\"font-size: 12pt;\">Zabieg w po\u0142\u0105czeniu z olejkami eterycznymi oraz przyjemn\u0105, relaksacyjn\u0105 muzyk\u0105 wp\u0142ywa pozytywnie na Nasze cia\u0142o i umys\u0142. Po zabiegu pacjent wychodzi w doskona\u0142ym nastroju i co najwa\u017cniejsze wypocz\u0119ty!<\/span><\/span><\/span><\/p><p style=\"font-variant: normal; font-style: normal; font-weight: normal;\"><br \/><br \/><\/p><p style=\"margin-bottom: 0cm;\"><span style=\"color: #ffffff;\"><span style=\"font-family: Cambria, serif;\"><span style=\"font-size: 12pt;\"><b>PRZECIWWSKAZANIA: <\/b><\/span><\/span><\/span><\/p><ul><li><p style=\"margin-bottom: 0cm; line-height: 150%;\"><span style=\"color: #ffffff;\"><span style=\"font-family: Cambria, serif;\"><span style=\"font-size: 12pt;\">bardzo wra\u017cliwa sk\u00f3ra, nietoleruj\u0105ca ciep\u0142a,<\/span><\/span><\/span><\/p><\/li><li><p style=\"margin-bottom: 0cm; line-height: 150%;\"><span style=\"color: #ffffff;\"><span style=\"font-family: Cambria, serif;\"><span style=\"font-size: 12pt;\">uszkodzenia nerw\u00f3w, <\/span><\/span><\/span><\/p><\/li><\/ul><ul><li><p style=\"font-variant: normal; font-style: normal; font-weight: normal; line-height: 150%;\"><span style=\"color: #ffffff;\"><span style=\"font-family: Cambria, serif;\"><span style=\"font-size: 12pt;\">gor\u0105czka, <\/span><\/span><\/span><\/p><\/li><li><p style=\"font-variant: normal; font-style: normal; font-weight: normal; line-height: 150%;\"><span style=\"color: #ffffff;\"><span style=\"font-family: Cambria, serif;\"><span style=\"font-size: 12pt;\">choroby zaka\u017ane,<\/span><\/span><\/span><\/p><\/li><li><p style=\"font-variant: normal; font-style: normal; font-weight: normal; line-height: 150%;\"><span style=\"color: #ffffff;\"><span style=\"font-family: Cambria, serif;\"><span style=\"font-size: 12pt;\">ostry stan zapalne,<\/span><\/span><\/span><\/p><\/li><li><p style=\"font-variant: normal; font-style: normal; font-weight: normal; line-height: 150%;\"><span style=\"color: #ffffff;\"><span style=\"font-family: Cambria, serif;\"><span style=\"font-size: 12pt;\">choroba nowotworowa,<\/span><\/span><\/span><\/p><\/li><li><p style=\"font-variant: normal; font-style: normal; font-weight: normal; line-height: 150%;\"><span style=\"color: #ffffff;\"><span style=\"font-family: Cambria, serif;\"><span style=\"font-size: 12pt;\">zakrzepy czy zapalenia \u017cy\u0142,<\/span><\/span><\/span><\/p><\/li><li><p style=\"font-variant: normal; font-style: normal; font-weight: normal; line-height: 150%;\"><span style=\"color: #ffffff;\"><span style=\"font-family: Cambria, serif;\"><span style=\"font-size: 12pt;\">ci\u0105\u017ca.<\/span><\/span><\/span><\/p><\/li><\/ul><p style=\"font-variant: normal; font-style: normal; font-weight: normal; line-height: 150%;\"><br \/><br \/><\/p><p style=\"font-variant: normal; font-style: normal; font-weight: normal; line-height: 150%;\"><span style=\"color: #ffffff;\"><span style=\"font-family: Cambria, serif;\"><span style=\"font-size: 12pt;\">Zalecenia dla Pacjent\u00f3w po terapii: <\/span><\/span><\/span><\/p><ol><li><p style=\"font-variant: normal; font-style: normal; font-weight: normal; line-height: 150%;\"><span style=\"color: #ffffff;\"><span style=\"font-family: Cambria, serif;\"><span style=\"font-size: 12pt;\">Pij du\u017co wody,<\/span><\/span><\/span><\/p><\/li><li><p style=\"font-variant: normal; font-style: normal; font-weight: normal; line-height: 150%;\"><span style=\"color: #ffffff;\"><span style=\"font-family: Cambria, serif;\"><span style=\"font-size: 12pt;\">stosuj lekk\u0105, zdrow\u0105 diet\u0119<\/span><\/span><\/span><\/p><\/li><li><p style=\"font-variant: normal; font-style: normal; font-weight: normal; line-height: 150%;\"><span style=\"color: #ffffff;\"><span style=\"font-family: Cambria, serif;\"><span style=\"font-size: 12pt;\">bezpo\u015brednio po masa\u017cu nale\u017cy unika\u0107 terapii ciep\u0142em oraz gor\u0105cych k\u0105pieli<\/span><\/span><\/span><\/p><\/li><li><p style=\"font-variant: normal; font-style: normal; font-weight: normal; line-height: 150%;\"><span style=\"color: #ffffff;\"><span style=\"font-family: Cambria, serif;\"><span style=\"font-size: 12pt;\">nale\u017cy odpoczywa\u0107<\/span><\/span><\/span><\/p><\/li><li><p style=\"font-variant: normal; font-style: normal; font-weight: normal; line-height: 150%;\"><span style=\"color: #ffffff;\"><span style=\"font-family: Cambria, serif;\"><span style=\"font-size: 12pt;\">terapie nale\u017cy stosowa\u0107 regularnie <\/span><\/span><\/span><\/p><\/li><\/ol><p style=\"margin-bottom: 0cm;\">\u00a0<\/p><p style=\"margin-bottom: 0cm; border: none; padding: 0cm; font-variant: normal; letter-spacing: normal; font-style: normal; font-weight: normal; line-height: 150%; orphans: 2; widows: 2;\">\u00a0<\/p>\t\t\t\t\t\t\t\t<\/div>\n\t\t\t\t<\/div>\n\t\t\t\t<div class=\"elementor-element elementor-element-39ad5f7d elementor-align-center elementor-widget elementor-widget-button\" data-id=\"39ad5f7d\" data-element_type=\"widget\" data-e-type=\"widget\" data-widget_type=\"button.default\">\n\t\t\t\t<div class=\"elementor-widget-container\">\n\t\t\t\t\t\t\t\t\t<div class=\"elementor-button-wrapper\">\n\t\t\t\t\t<a class=\"elementor-button elementor-button-link elementor-size-sm\" href=\"http:\/\/www.fizjograwitacja.pl\">\n\t\t\t\t\t\t<span class=\"elementor-button-content-wrapper\">\n\t\t\t\t\t\t\t\t\t<span class=\"elementor-button-text\">Powr\u00f3t do strony g\u0142\u00f3wnej<\/span>\n\t\t\t\t\t<\/span>\n\t\t\t\t\t<\/a>\n\t\t\t\t<\/div>\n\t\t\t\t\t\t\t\t<\/div>\n\t\t\t\t<\/div>\n\t\t\t\t\t<\/div>\n\t\t<\/div>\n\t\t\t\t\t<\/div>\n\t\t<\/section>\n\t\t\t\t<\/div>\n\t\t","protected":false},"excerpt":{"rendered":"<p>Masa\u017c Gor\u0105cymi kamieniami Masa\u017c gor\u0105cymi kamieniami to idealny spos\u00f3b na relaks. Ale czy wiecie, \u017ce ten masa\u017c ma r\u00f3wnie\u017c w\u0142a\u015bciwo\u015bci lecznicze? Bazalt to najbardziej popularny typ kamienia stosowany w terapii gor\u0105cymi kamieniami. Pozbawiony por\u00f3w, o g\u0142adkiej powierzchni, posiada wyj\u0105tkowe w\u0142a\u015bciwo\u015bci do utrzymywania ciep\u0142a. Wysoka zawarto\u015b\u0107 rdzy w bazalcie, powoduje przyspieszenie leczenia chor\u00f3b naczy\u0144 krwiono\u015bnych, wp\u0142ywa [&hellip;]<\/p>\n","protected":false},"author":1,"featured_media":0,"parent":0,"menu_order":0,"comment_status":"closed","ping_status":"closed","template":"","meta":{"om_disable_all_campaigns":false,"_monsterinsights_skip_tracking":false,"_monsterinsights_sitenote_active":false,"_monsterinsights_sitenote_note":"","_monsterinsights_sitenote_category":0,"ocean_post_layout":"full-width","ocean_both_sidebars_style":"","ocean_both_sidebars_content_width":0,"ocean_both_sidebars_sidebars_width":0,"ocean_sidebar":"0","ocean_second_sidebar":"0","ocean_disable_margins":"enable","ocean_add_body_class":"","ocean_shortcode_before_top_bar":"","ocean_shortcode_after_top_bar":"","ocean_shortcode_before_header":"","ocean_shortcode_after_header":"","ocean_has_shortcode":"","ocean_shortcode_after_title":"","ocean_shortcode_before_footer_widgets":"","ocean_shortcode_after_footer_widgets":"","ocean_shortcode_before_footer_bottom":"","ocean_shortcode_after_footer_bottom":"","ocean_display_top_bar":"default","ocean_display_header":"off","ocean_header_style":"","ocean_center_header_left_menu":"0","ocean_custom_header_template":"0","ocean_custom_logo":0,"ocean_custom_retina_logo":0,"ocean_custom_logo_max_width":0,"ocean_custom_logo_tablet_max_width":0,"ocean_custom_logo_mobile_max_width":0,"ocean_custom_logo_max_height":0,"ocean_custom_logo_tablet_max_height":0,"ocean_custom_logo_mobile_max_height":0,"ocean_header_custom_menu":"0","ocean_menu_typo_font_family":"0","ocean_menu_typo_font_subset":"","ocean_menu_typo_font_size":0,"ocean_menu_typo_font_size_tablet":0,"ocean_menu_typo_font_size_mobile":0,"ocean_menu_typo_font_size_unit":"px","ocean_menu_typo_font_weight":"","ocean_menu_typo_font_weight_tablet":"","ocean_menu_typo_font_weight_mobile":"","ocean_menu_typo_transform":"","ocean_menu_typo_transform_tablet":"","ocean_menu_typo_transform_mobile":"","ocean_menu_typo_line_height":0,"ocean_menu_typo_line_height_tablet":0,"ocean_menu_typo_line_height_mobile":0,"ocean_menu_typo_line_height_unit":"","ocean_menu_typo_spacing":0,"ocean_menu_typo_spacing_tablet":0,"ocean_menu_typo_spacing_mobile":0,"ocean_menu_typo_spacing_unit":"","ocean_menu_link_color":"","ocean_menu_link_color_hover":"","ocean_menu_link_color_active":"","ocean_menu_link_background":"","ocean_menu_link_hover_background":"","ocean_menu_link_active_background":"","ocean_menu_social_links_bg":"","ocean_menu_social_hover_links_bg":"","ocean_menu_social_links_color":"","ocean_menu_social_hover_links_color":"","ocean_disable_title":"on","ocean_disable_heading":"default","ocean_post_title":"","ocean_post_subheading":"","ocean_post_title_style":"","ocean_post_title_background_color":"","ocean_post_title_background":0,"ocean_post_title_bg_image_position":"","ocean_post_title_bg_image_attachment":"","ocean_post_title_bg_image_repeat":"","ocean_post_title_bg_image_size":"","ocean_post_title_height":0,"ocean_post_title_bg_overlay":0.5,"ocean_post_title_bg_overlay_color":"","ocean_disable_breadcrumbs":"default","ocean_breadcrumbs_color":"","ocean_breadcrumbs_separator_color":"","ocean_breadcrumbs_links_color":"","ocean_breadcrumbs_links_hover_color":"","ocean_display_footer_widgets":"default","ocean_display_footer_bottom":"default","ocean_custom_footer_template":"0","footnotes":""},"class_list":["post-637","page","type-page","status-publish","hentry","entry"],"aioseo_notices":[],"_hostinger_reach_plugin_has_subscription_block":false,"_hostinger_reach_plugin_is_elementor":false,"_links":{"self":[{"href":"https:\/\/fizjograwitacja.pl\/index.php\/wp-json\/wp\/v2\/pages\/637","targetHints":{"allow":["GET"]}}],"collection":[{"href":"https:\/\/fizjograwitacja.pl\/index.php\/wp-json\/wp\/v2\/pages"}],"about":[{"href":"https:\/\/fizjograwitacja.pl\/index.php\/wp-json\/wp\/v2\/types\/page"}],"author":[{"embeddable":true,"href":"https:\/\/fizjograwitacja.pl\/index.php\/wp-json\/wp\/v2\/users\/1"}],"replies":[{"embeddable":true,"href":"https:\/\/fizjograwitacja.pl\/index.php\/wp-json\/wp\/v2\/comments?post=637"}],"version-history":[{"count":5,"href":"https:\/\/fizjograwitacja.pl\/index.php\/wp-json\/wp\/v2\/pages\/637\/revisions"}],"predecessor-version":[{"id":699,"href":"https:\/\/fizjograwitacja.pl\/index.php\/wp-json\/wp\/v2\/pages\/637\/revisions\/699"}],"wp:attachment":[{"href":"https:\/\/fizjograwitacja.pl\/index.php\/wp-json\/wp\/v2\/media?parent=637"}],"curies":[{"name":"wp","href":"https:\/\/api.w.org\/{rel}","templated":true}]}}