{"id":628,"date":"2021-04-21T18:11:41","date_gmt":"2021-04-21T16:11:41","guid":{"rendered":"https:\/\/fizjograwitacja.pl\/?page_id=628"},"modified":"2021-04-21T19:50:31","modified_gmt":"2021-04-21T17:50:31","slug":"masaz-banka-chinska","status":"publish","type":"page","link":"https:\/\/fizjograwitacja.pl\/index.php\/masaz-banka-chinska\/","title":{"rendered":"Masa\u017c ba\u0144k\u0105 chi\u0144sk\u0105"},"content":{"rendered":"\t\t<div data-elementor-type=\"wp-page\" data-elementor-id=\"628\" class=\"elementor elementor-628\" data-elementor-settings=\"{&quot;ha_cmc_init_switcher&quot;:&quot;no&quot;}\">\n\t\t\t\t\t\t<section class=\"elementor-section elementor-top-section elementor-element elementor-element-5eb3dbdf elementor-section-boxed elementor-section-height-default elementor-section-height-default\" data-id=\"5eb3dbdf\" data-element_type=\"section\" data-e-type=\"section\" data-settings=\"{&quot;background_background&quot;:&quot;classic&quot;,&quot;_ha_eqh_enable&quot;:false}\">\n\t\t\t\t\t\t<div class=\"elementor-container elementor-column-gap-default\">\n\t\t\t\t\t<div class=\"elementor-column elementor-col-100 elementor-top-column elementor-element elementor-element-3730a848\" data-id=\"3730a848\" data-element_type=\"column\" data-e-type=\"column\">\n\t\t\t<div class=\"elementor-widget-wrap elementor-element-populated\">\n\t\t\t\t\t\t<div class=\"elementor-element elementor-element-4b96648f elementor-widget elementor-widget-image\" data-id=\"4b96648f\" data-element_type=\"widget\" data-e-type=\"widget\" data-widget_type=\"image.default\">\n\t\t\t\t<div class=\"elementor-widget-container\">\n\t\t\t\t\t\t\t\t\t\t\t\t\t\t\t<img fetchpriority=\"high\" decoding=\"async\" width=\"450\" height=\"600\" src=\"https:\/\/fizjograwitacja.pl\/uploads\/2021\/04\/banka_Easy-Resize.com_.jpg\" class=\"attachment-medium_large size-medium_large wp-image-609\" alt=\"\" srcset=\"https:\/\/fizjograwitacja.pl\/uploads\/2021\/04\/banka_Easy-Resize.com_.jpg 450w, https:\/\/fizjograwitacja.pl\/uploads\/2021\/04\/banka_Easy-Resize.com_-225x300.jpg 225w\" sizes=\"(max-width: 450px) 100vw, 450px\" \/>\t\t\t\t\t\t\t\t\t\t\t\t\t\t\t<\/div>\n\t\t\t\t<\/div>\n\t\t\t\t<div class=\"elementor-element elementor-element-251f2d81 elementor-widget elementor-widget-text-editor\" data-id=\"251f2d81\" data-element_type=\"widget\" data-e-type=\"widget\" data-widget_type=\"text-editor.default\">\n\t\t\t\t<div class=\"elementor-widget-container\">\n\t\t\t\t\t\t\t\t\t<p style=\"margin-bottom: 0cm;\" align=\"center\"><span style=\"color: #ffffff;\"><span style=\"font-family: Times New Roman, serif;\"><span style=\"font-size: 12pt;\">Ba\u0144ka chi\u0144ska <\/span><\/span><\/span><\/p><p style=\"margin-bottom: 0cm;\" align=\"center\">\u00a0<\/p><p style=\"text-indent: 0.98cm; margin-bottom: 0cm; page-break-before: auto;\" align=\"justify\"><span style=\"color: #ffffff;\"><span style=\"font-size: 12pt;\">Stosowanie baniek w medycynie naturalnej jest przynajmniej tak stare, jak stara jest medycyna chi\u0144ska, kt\u00f3ra liczy sobie oko\u0142o 3000 lat! Stosowane s\u0105 one do leczenia wielu powa\u017cnych chor\u00f3b i dolegliwo\u015bci takich jak np.: schorzenia staw\u00f3w czy b\u00f3le mi\u0119\u015bniowe.<\/span><\/span><\/p><p style=\"margin-bottom: 0cm;\">\u00a0<\/p><p style=\"margin-bottom: 0cm;\"><span style=\"color: #ffffff;\"><span style=\"font-size: 12pt;\">Na czym polega masa\u017c ba\u0144k\u0105 chi\u0144sk\u0105?<\/span><\/span><\/p><p style=\"text-indent: 0.98cm; margin-bottom: 0cm; page-break-before: auto;\" align=\"justify\"><span style=\"color: #ffffff;\"><span style=\"font-family: Times New Roman, serif;\"><span style=\"font-size: 12pt;\">Na wykorzystaniu pr\u00f3\u017cniowego zasysania sk\u00f3ry i tkanek znajduj\u0105cych si\u0119 pod jej warstw\u0105. <br \/>Zabieg taki korzystnie wp\u0142ywa na kr\u0105\u017cenie krwi oraz limfy, dodatkowo pozwala na pozbycie si\u0119 cellulitu. <\/span><\/span><\/span><\/p><p style=\"text-indent: 0.98cm; margin-bottom: 0cm; font-variant: normal; font-style: normal; font-weight: normal;\" align=\"justify\">\u00a0<\/p><p style=\"text-indent: 0.98cm; margin-bottom: 0cm; font-variant: normal; font-style: normal; font-weight: normal;\" align=\"justify\">\u00a0<\/p><p style=\"text-indent: 0.98cm; margin-bottom: 0cm; font-variant: normal; font-style: normal; font-weight: normal;\" align=\"justify\"><span style=\"color: #ffffff;\"><span style=\"font-family: Times New Roman, serif;\"><span style=\"font-size: 12pt;\">Masa\u017c ba\u0144k\u0105 chi\u0144sk\u0105 pozwala:<\/span><\/span><\/span><\/p><ul><li><p style=\"margin-bottom: 0cm; border-width: initial; border-style: none; padding: 0cm; font-variant: normal; font-style: normal; font-weight: normal;\"><span style=\"color: #ffffff;\"><span style=\"font-family: Times New Roman, serif;\"><span style=\"font-size: 12pt;\">zredukowa\u0107 cellulit (w ka\u017cdym stadium zaawansowania),<\/span><\/span><\/span><\/p><\/li><li><p style=\"margin-bottom: 0cm; border-width: initial; border-style: none; padding: 0cm; font-variant: normal; font-style: normal; font-weight: normal;\"><span style=\"color: #ffffff;\"><span style=\"font-family: Times New Roman, serif;\"><span style=\"font-size: 12pt;\">przyspieszy\u0107 przemian\u0119 materii,<\/span><\/span><\/span><\/p><\/li><li><p style=\"margin-bottom: 0cm; border-width: initial; border-style: none; padding: 0cm; font-variant: normal; font-style: normal; font-weight: normal;\"><span style=\"color: #ffffff;\"><span style=\"font-family: Times New Roman, serif;\"><span style=\"font-size: 12pt;\">poprawi\u0107 ukrwienie,<\/span><\/span><\/span><\/p><\/li><li><p style=\"margin-bottom: 0cm; border-width: initial; border-style: none; padding: 0cm; font-variant: normal; font-style: normal; font-weight: normal;\"><span style=\"color: #ffffff;\"><span style=\"font-family: Times New Roman, serif;\"><span style=\"font-size: 12pt;\">pozby\u0107 si\u0119 zb\u0119dnych substancji toksycznych,<\/span><\/span><\/span><\/p><\/li><li><p style=\"margin-bottom: 0cm; border-width: initial; border-style: none; padding: 0cm; font-variant: normal; font-style: normal; font-weight: normal;\"><span style=\"color: #ffffff;\"><span style=\"font-family: Times New Roman, serif;\"><span style=\"font-size: 12pt;\">zmniejszy\u0107 b\u00f3le kr\u0119gos\u0142upa,<\/span><\/span><\/span><\/p><\/li><li><p style=\"margin-bottom: 0cm; border-width: initial; border-style: none; padding: 0cm; font-variant: normal; font-style: normal; font-weight: normal;\"><span style=\"color: #ffffff;\"><span style=\"font-family: Times New Roman, serif;\"><span style=\"font-size: 12pt;\">zmniejszy\u0107 napi\u0119cie mi\u0119\u015bniowe.<\/span><\/span><\/span><\/p><p style=\"margin-bottom: 0cm; border-width: initial; border-style: none; padding: 0cm; font-variant: normal; font-style: normal; font-weight: normal;\">\u00a0<\/p><\/li><\/ul><p style=\"text-indent: 1.06cm; margin-bottom: 0cm; font-variant: normal; font-style: normal; font-weight: normal; break-before: auto;\"><span style=\"color: #ffffff;\"><span style=\"font-family: Times New Roman, serif;\"><span style=\"font-size: 12pt;\">Dzi\u0119ki masa\u017cowi ba\u0144k\u0105 kom\u00f3rki naszego cia\u0142a staj\u0105 si\u0119 znacznie lepiej od\u017cywione, czego efektem jest zwi\u0119kszenie przep\u0142ywu substancji od\u017cywczych. Zmniejszaj\u0105 si\u0119 r\u00f3wnie\u017c obrz\u0119ki, dzi\u0119ki poprawie kr\u0105\u017cenia i dzia\u0142ania uk\u0142adu limfatycznego.<\/span><\/span><\/span><\/p><p style=\"text-indent: 1.06cm; margin-bottom: 0cm; font-variant: normal; font-style: normal; font-weight: normal;\">\u00a0<\/p><p style=\"text-indent: 1.06cm; margin-bottom: 0cm; font-variant: normal; font-style: normal; font-weight: normal;\"><span style=\"color: #ffffff;\"><span style=\"font-family: Times New Roman, serif;\"><span style=\"font-size: 12pt;\">PRZECIWWSKAZANIA:<\/span><\/span><\/span><\/p><p style=\"text-indent: 1.06cm; margin-bottom: 0cm; font-variant: normal; font-style: normal; font-weight: normal;\">\u00a0<\/p><ul><li><p style=\"margin-bottom: 0cm; border-width: initial; border-style: none; padding: 0cm; font-variant: normal; font-style: normal; font-weight: normal;\"><span style=\"color: #ffffff;\"> <span style=\"font-family: Times New Roman, serif;\"><span style=\"font-size: 12pt;\">gor\u0105czka, <\/span><\/span><\/span><\/p><\/li><li><p style=\"margin-bottom: 0cm; border-width: initial; border-style: none; padding: 0cm; font-variant: normal; font-style: normal; font-weight: normal;\"><span style=\"color: #ffffff;\"><span style=\"font-family: Times New Roman, serif;\"><span style=\"font-size: 12pt;\">choroby nowotworowe,<\/span><\/span><\/span><\/p><\/li><li><p style=\"margin-bottom: 0cm; border-width: initial; border-style: none; padding: 0cm; font-variant: normal; font-style: normal; font-weight: normal;\"><span style=\"color: #ffffff;\"><span style=\"font-family: Times New Roman, serif;\"><span style=\"font-size: 12pt;\">choroby zaka\u017ane,<\/span><\/span><\/span><\/p><\/li><li><p style=\"margin-bottom: 0cm; border-width: initial; border-style: none; padding: 0cm; font-variant: normal; font-style: normal; font-weight: normal;\"><span style=\"color: #ffffff;\"><span style=\"font-family: Times New Roman, serif;\"><span style=\"font-size: 12pt;\">ci\u0105\u017ca,<\/span><\/span><\/span><\/p><\/li><li><p style=\"margin-bottom: 0cm; border-width: initial; border-style: none; padding: 0cm; font-variant: normal; font-style: normal; font-weight: normal;\"><span style=\"color: #ffffff;\"><span style=\"font-family: Times New Roman, serif;\"><span style=\"font-size: 12pt;\">kobiety w okresie menstruacji,<\/span><\/span><\/span><\/p><\/li><li><p style=\"margin-bottom: 0cm; border-width: initial; border-style: none; padding: 0cm; font-variant: normal; font-style: normal; font-weight: normal;\"><span style=\"color: #ffffff;\"><span style=\"font-family: Times New Roman, serif;\"><span style=\"font-size: 12pt;\">osoby powy\u017cej 80 roku \u017cycia,<\/span><\/span><\/span><\/p><\/li><li><p style=\"margin-bottom: 0cm; border-width: initial; border-style: none; padding: 0cm; font-variant: normal; font-style: normal; font-weight: normal;\"><span style=\"color: #ffffff;\"><span style=\"font-family: Times New Roman, serif;\"><span style=\"font-size: 12pt;\">chorzy na hemofilie,<\/span><\/span><\/span><\/p><\/li><li><p style=\"margin-bottom: 0cm; border-width: initial; border-style: none; padding: 0cm; font-variant: normal; font-style: normal; font-weight: normal;\"><span style=\"color: #ffffff;\"><span style=\"font-family: Times New Roman, serif;\"><span style=\"font-size: 12pt;\">osoby z cer\u0105 naczynkow\u0105,<\/span><\/span><\/span><\/p><\/li><li><p style=\"margin-bottom: 0cm; border-width: initial; border-style: none; padding: 0cm; font-variant: normal; font-style: normal; font-weight: normal;\"><span style=\"color: #ffffff;\"><span style=\"font-family: Times New Roman, serif;\"><span style=\"font-size: 12pt;\">osoby cierpi\u0105ce z powodu \u017cylak\u00f3w.<\/span><\/span><\/span><\/p><\/li><\/ul><p>\u00a0<\/p><p style=\"margin-bottom: 0cm;\">\u00a0<\/p>\t\t\t\t\t\t\t\t<\/div>\n\t\t\t\t<\/div>\n\t\t\t\t<div class=\"elementor-element elementor-element-455a77cf elementor-align-center elementor-widget elementor-widget-button\" data-id=\"455a77cf\" data-element_type=\"widget\" data-e-type=\"widget\" data-widget_type=\"button.default\">\n\t\t\t\t<div class=\"elementor-widget-container\">\n\t\t\t\t\t\t\t\t\t<div class=\"elementor-button-wrapper\">\n\t\t\t\t\t<a class=\"elementor-button elementor-button-link elementor-size-sm\" href=\"http:\/\/www.fizjograwitacja.pl\">\n\t\t\t\t\t\t<span class=\"elementor-button-content-wrapper\">\n\t\t\t\t\t\t\t\t\t<span class=\"elementor-button-text\">Powr\u00f3t do strony g\u0142\u00f3wnej<\/span>\n\t\t\t\t\t<\/span>\n\t\t\t\t\t<\/a>\n\t\t\t\t<\/div>\n\t\t\t\t\t\t\t\t<\/div>\n\t\t\t\t<\/div>\n\t\t\t\t\t<\/div>\n\t\t<\/div>\n\t\t\t\t\t<\/div>\n\t\t<\/section>\n\t\t\t\t<\/div>\n\t\t","protected":false},"excerpt":{"rendered":"<p>Ba\u0144ka chi\u0144ska Stosowanie baniek w medycynie naturalnej jest przynajmniej tak stare, jak stara jest medycyna chi\u0144ska, kt\u00f3ra liczy sobie oko\u0142o 3000 lat! Stosowane s\u0105 one do leczenia wielu powa\u017cnych chor\u00f3b i dolegliwo\u015bci takich jak np.: schorzenia staw\u00f3w czy b\u00f3le mi\u0119\u015bniowe. Na czym polega masa\u017c ba\u0144k\u0105 chi\u0144sk\u0105? Na wykorzystaniu pr\u00f3\u017cniowego zasysania sk\u00f3ry i tkanek znajduj\u0105cych si\u0119 [&hellip;]<\/p>\n","protected":false},"author":1,"featured_media":0,"parent":0,"menu_order":0,"comment_status":"closed","ping_status":"closed","template":"","meta":{"om_disable_all_campaigns":false,"_monsterinsights_skip_tracking":false,"_monsterinsights_sitenote_active":false,"_monsterinsights_sitenote_note":"","_monsterinsights_sitenote_category":0,"ocean_post_layout":"full-screen","ocean_both_sidebars_style":"","ocean_both_sidebars_content_width":0,"ocean_both_sidebars_sidebars_width":0,"ocean_sidebar":"0","ocean_second_sidebar":"0","ocean_disable_margins":"enable","ocean_add_body_class":"","ocean_shortcode_before_top_bar":"","ocean_shortcode_after_top_bar":"","ocean_shortcode_before_header":"","ocean_shortcode_after_header":"","ocean_has_shortcode":"","ocean_shortcode_after_title":"","ocean_shortcode_before_footer_widgets":"","ocean_shortcode_after_footer_widgets":"","ocean_shortcode_before_footer_bottom":"","ocean_shortcode_after_footer_bottom":"","ocean_display_top_bar":"default","ocean_display_header":"off","ocean_header_style":"","ocean_center_header_left_menu":"0","ocean_custom_header_template":"0","ocean_custom_logo":0,"ocean_custom_retina_logo":0,"ocean_custom_logo_max_width":0,"ocean_custom_logo_tablet_max_width":0,"ocean_custom_logo_mobile_max_width":0,"ocean_custom_logo_max_height":0,"ocean_custom_logo_tablet_max_height":0,"ocean_custom_logo_mobile_max_height":0,"ocean_header_custom_menu":"0","ocean_menu_typo_font_family":"0","ocean_menu_typo_font_subset":"","ocean_menu_typo_font_size":0,"ocean_menu_typo_font_size_tablet":0,"ocean_menu_typo_font_size_mobile":0,"ocean_menu_typo_font_size_unit":"px","ocean_menu_typo_font_weight":"","ocean_menu_typo_font_weight_tablet":"","ocean_menu_typo_font_weight_mobile":"","ocean_menu_typo_transform":"","ocean_menu_typo_transform_tablet":"","ocean_menu_typo_transform_mobile":"","ocean_menu_typo_line_height":0,"ocean_menu_typo_line_height_tablet":0,"ocean_menu_typo_line_height_mobile":0,"ocean_menu_typo_line_height_unit":"","ocean_menu_typo_spacing":0,"ocean_menu_typo_spacing_tablet":0,"ocean_menu_typo_spacing_mobile":0,"ocean_menu_typo_spacing_unit":"","ocean_menu_link_color":"","ocean_menu_link_color_hover":"","ocean_menu_link_color_active":"","ocean_menu_link_background":"","ocean_menu_link_hover_background":"","ocean_menu_link_active_background":"","ocean_menu_social_links_bg":"","ocean_menu_social_hover_links_bg":"","ocean_menu_social_links_color":"","ocean_menu_social_hover_links_color":"","ocean_disable_title":"on","ocean_disable_heading":"default","ocean_post_title":"","ocean_post_subheading":"","ocean_post_title_style":"","ocean_post_title_background_color":"","ocean_post_title_background":0,"ocean_post_title_bg_image_position":"","ocean_post_title_bg_image_attachment":"","ocean_post_title_bg_image_repeat":"","ocean_post_title_bg_image_size":"","ocean_post_title_height":0,"ocean_post_title_bg_overlay":0.5,"ocean_post_title_bg_overlay_color":"","ocean_disable_breadcrumbs":"default","ocean_breadcrumbs_color":"","ocean_breadcrumbs_separator_color":"","ocean_breadcrumbs_links_color":"","ocean_breadcrumbs_links_hover_color":"","ocean_display_footer_widgets":"default","ocean_display_footer_bottom":"default","ocean_custom_footer_template":"0","footnotes":""},"class_list":["post-628","page","type-page","status-publish","hentry","entry"],"aioseo_notices":[],"_hostinger_reach_plugin_has_subscription_block":false,"_hostinger_reach_plugin_is_elementor":false,"_links":{"self":[{"href":"https:\/\/fizjograwitacja.pl\/index.php\/wp-json\/wp\/v2\/pages\/628","targetHints":{"allow":["GET"]}}],"collection":[{"href":"https:\/\/fizjograwitacja.pl\/index.php\/wp-json\/wp\/v2\/pages"}],"about":[{"href":"https:\/\/fizjograwitacja.pl\/index.php\/wp-json\/wp\/v2\/types\/page"}],"author":[{"embeddable":true,"href":"https:\/\/fizjograwitacja.pl\/index.php\/wp-json\/wp\/v2\/users\/1"}],"replies":[{"embeddable":true,"href":"https:\/\/fizjograwitacja.pl\/index.php\/wp-json\/wp\/v2\/comments?post=628"}],"version-history":[{"count":8,"href":"https:\/\/fizjograwitacja.pl\/index.php\/wp-json\/wp\/v2\/pages\/628\/revisions"}],"predecessor-version":[{"id":701,"href":"https:\/\/fizjograwitacja.pl\/index.php\/wp-json\/wp\/v2\/pages\/628\/revisions\/701"}],"wp:attachment":[{"href":"https:\/\/fizjograwitacja.pl\/index.php\/wp-json\/wp\/v2\/media?parent=628"}],"curies":[{"name":"wp","href":"https:\/\/api.w.org\/{rel}","templated":true}]}}