{"id":408,"date":"2021-04-19T12:29:12","date_gmt":"2021-04-19T10:29:12","guid":{"rendered":"https:\/\/fizjograwitacja.pl\/?page_id=408"},"modified":"2021-04-21T17:44:58","modified_gmt":"2021-04-21T15:44:58","slug":"termoformowalne-wkladki-do-obuwia-footbalance","status":"publish","type":"page","link":"https:\/\/fizjograwitacja.pl\/index.php\/termoformowalne-wkladki-do-obuwia-footbalance\/","title":{"rendered":"Termoformowalne wk\u0142adki do obuwia Footbalance"},"content":{"rendered":"\t\t<div data-elementor-type=\"wp-page\" data-elementor-id=\"408\" class=\"elementor elementor-408\" data-elementor-settings=\"{&quot;ha_cmc_init_switcher&quot;:&quot;no&quot;}\">\n\t\t\t\t\t\t<section class=\"elementor-section elementor-top-section elementor-element elementor-element-1a0de8bc elementor-section-boxed elementor-section-height-default elementor-section-height-default\" data-id=\"1a0de8bc\" data-element_type=\"section\" data-e-type=\"section\" data-settings=\"{&quot;background_background&quot;:&quot;classic&quot;,&quot;_ha_eqh_enable&quot;:false}\">\n\t\t\t\t\t\t<div class=\"elementor-container elementor-column-gap-default\">\n\t\t\t\t\t<div class=\"elementor-column elementor-col-100 elementor-top-column elementor-element elementor-element-3ddd7827\" data-id=\"3ddd7827\" data-element_type=\"column\" data-e-type=\"column\">\n\t\t\t<div class=\"elementor-widget-wrap elementor-element-populated\">\n\t\t\t\t\t\t<div class=\"elementor-element elementor-element-5558b52f elementor-widget elementor-widget-image\" data-id=\"5558b52f\" data-element_type=\"widget\" data-e-type=\"widget\" data-widget_type=\"image.default\">\n\t\t\t\t<div class=\"elementor-widget-container\">\n\t\t\t\t\t\t\t\t\t\t\t\t\t\t\t<img fetchpriority=\"high\" decoding=\"async\" width=\"400\" height=\"400\" src=\"https:\/\/fizjograwitacja.pl\/uploads\/2021\/04\/FootBalance.jpg\" class=\"attachment-medium_large size-medium_large wp-image-417\" alt=\"\" srcset=\"https:\/\/fizjograwitacja.pl\/uploads\/2021\/04\/FootBalance.jpg 400w, https:\/\/fizjograwitacja.pl\/uploads\/2021\/04\/elementor\/thumbs\/FootBalance-p5xxw6oeqdndo6o7hfgycsx397y9fvspczwpdyhfi0.jpg 300w, https:\/\/fizjograwitacja.pl\/uploads\/2021\/04\/FootBalance-150x150.jpg 150w\" sizes=\"(max-width: 400px) 100vw, 400px\" \/>\t\t\t\t\t\t\t\t\t\t\t\t\t\t\t<\/div>\n\t\t\t\t<\/div>\n\t\t\t\t<div class=\"elementor-element elementor-element-2c5d8d7c elementor-widget elementor-widget-text-editor\" data-id=\"2c5d8d7c\" data-element_type=\"widget\" data-e-type=\"widget\" data-widget_type=\"text-editor.default\">\n\t\t\t\t<div class=\"elementor-widget-container\">\n\t\t\t\t\t\t\t\t\t<p>Jak powszechnie wiadomo kto stoi w miejscu, ten si\u0119 cofa. Dlatego wychodz\u0105c na przeciw w\u0142asnym ambicjom a przede wszystkim oczekiwaniom naszych Pacjent\u00f3w postanowili\u015bmy poszerzy\u0107 badanie oraz spos\u00f3b leczenia wad postawy o nowy sprz\u0119t \u2013 MASZYN\u0118 DO DIAGNOSTYKI WAD ST\u00d3P ORAZ TERMICZNEGO PROFILOWANIA WK\u0141ADEK DO BUT\u00d3W renomowanej fi\u0144skiej firmy\u00a0<a class=\"profileLink\" href=\"https:\/\/www.facebook.com\/footbalance\/?__tn__=K-R&amp;eid=ARC7USSXlW592WUg86cR8FSLQzuBeKZWgNeGrRrmzV4tlOCFgqGALfu6Gz-mjwdNpowD4eHcu6ZaakYR&amp;fref=mentions&amp;__xts__%5B0%5D=68.ARBA2ufxT5pgKmw6kI4KfAc13PMy8dQ28TObHRBJKZM2A_-v4lppuvWZXAgfMf1l3BqdNebW3R83TILbX1d97KdOgl9YPh-MM_3Xzk_in4pyK2QLcd9zdA_QUQPG68a_oRBOoYgbj7iRhJW4ulZQ-9FL9FYdpR8Y7XgPb6InRaE5zmPjY5iVix6Qt1TkEfSikSM0VwV_UDO4ZAP91Bsrhzjnk4Pyp0D_ZVot_5G2__5glUoKZPy835LLb6nrbQKechKB-f80B8INbWNz0JBnkenYj-vvrjJ7c7ILZGeB0mAFWRPx8nzoD7GqvqHiM3zwXdYHlVDFfepxEOr--5wMxNcJZZvvSQOLkhxVCm3Qn5TR8UIm-v3guCY8-owRv1_5MxdewGeaOPcMI1CXx1kAOG_PAFgvfI-yBN6d-eHosDyXyPw\" data-hovercard=\"\/ajax\/hovercard\/page.php?id=111143802256759&amp;extragetparams=%7B%22__tn__%22%3A%22%2CdK-R-R%22%2C%22eid%22%3A%22ARC7USSXlW592WUg86cR8FSLQzuBeKZWgNeGrRrmzV4tlOCFgqGALfu6Gz-mjwdNpowD4eHcu6ZaakYR%22%2C%22fref%22%3A%22mentions%22%7D\" data-hovercard-prefer-more-content-show=\"1\">FootBalance<\/a>!!<\/p><p><span class=\"_5mfr\"><span class=\"_6qdm\"><img decoding=\"async\" class=\"emoji\" role=\"img\" draggable=\"false\" src=\"https:\/\/s.w.org\/images\/core\/emoji\/13.0.1\/svg\/1f4a5.svg\" alt=\"\ud83d\udca5\" \/><\/span><\/span>\u00a0Ju\u017c NIE TRZEBA wyje\u017cd\u017ca\u0107 z RADOMSKA \u017ceby naby\u0107 wysokiej jako\u015bci WK\u0141ADKI<span class=\"text_exposed_show\">\u00a0do but\u00f3w! JEDYNI z FootBalance w wojew\u00f3dztwie \u0142\u00f3dzkim!!<\/span><\/p><div class=\"text_exposed_show\"><p><span class=\"_5mfr\"><span class=\"_6qdm\"><img decoding=\"async\" class=\"emoji\" role=\"img\" draggable=\"false\" src=\"https:\/\/s.w.org\/images\/core\/emoji\/13.0.1\/svg\/1f4a5.svg\" alt=\"\ud83d\udca5\" \/><\/span><\/span>\u00a0Z BADANIA ST\u00d3P MO\u017bE SKORZYSTA\u0106 PRAKTYCZNIE KA\u017bDY!!!<\/p><p><span class=\"_5mfr\"><span class=\"_6qdm\"><img decoding=\"async\" class=\"emoji\" role=\"img\" draggable=\"false\" src=\"https:\/\/s.w.org\/images\/core\/emoji\/13.0.1\/svg\/1f4a5.svg\" alt=\"\ud83d\udca5\" \/><\/span><\/span>\u00a0WK\u0141ADKI PROFILUJEMY OD PODSTAW, INDYWIDUALNIE!! Jedyne ograniczenie stanowi rozmiar wk\u0142adki \u2013 od rozmiaru 32 wzwy\u017c!<\/p><p><span class=\"_5mfr\"><span class=\"_6qdm\"><img decoding=\"async\" class=\"emoji\" role=\"img\" draggable=\"false\" src=\"https:\/\/s.w.org\/images\/core\/emoji\/13.0.1\/svg\/1f4a5.svg\" alt=\"\ud83d\udca5\" \/><\/span><\/span>\u00a0Ponad 90% dzieci i 80% os\u00f3b doros\u0142ych posiada problemy z tzw. ko\u015blawo\u015bci\u0105 st\u00f3p. Sprawd\u017a czy ten problem na pewno nie dotyczy Ciebie!<\/p><p><span class=\"_5mfr\"><span class=\"_6qdm\"><img decoding=\"async\" class=\"emoji\" role=\"img\" draggable=\"false\" src=\"https:\/\/s.w.org\/images\/core\/emoji\/13.0.1\/svg\/1f4a5.svg\" alt=\"\ud83d\udca5\" \/><\/span><\/span>\u00a0WK\u0141ADKI przynosz\u0105 ulg\u0119 w\u015br\u00f3d pacjent\u00f3w z ostrog\u0105 pi\u0119tow\u0105, s\u0105 \u015bwietne dla SPORTOWC\u00d3W, w tym min. biegaczy i cyklist\u00f3w<\/p><p><span class=\"_5mfr\"><span class=\"_6qdm\"><img decoding=\"async\" class=\"emoji\" role=\"img\" draggable=\"false\" src=\"https:\/\/s.w.org\/images\/core\/emoji\/13.0.1\/svg\/1f4a5.svg\" alt=\"\ud83d\udca5\" \/><\/span><\/span>\u00a0Zadbaj o stopy, a w konsekwencji kr\u0119gos\u0142up sw\u00f3j i swojego dziecka!!<\/p><p><span class=\"_5mfr\"><span class=\"_6qdm\"><img decoding=\"async\" class=\"emoji\" role=\"img\" draggable=\"false\" src=\"https:\/\/s.w.org\/images\/core\/emoji\/13.0.1\/svg\/1f4a5.svg\" alt=\"\ud83d\udca5\" \/><\/span><\/span>\u00a0Zadzwo\u0144 i um\u00f3w si\u0119 na badanie!!<\/p><\/div>\t\t\t\t\t\t\t\t<\/div>\n\t\t\t\t<\/div>\n\t\t\t\t<div class=\"elementor-element elementor-element-240b3662 elementor-align-center elementor-widget elementor-widget-button\" data-id=\"240b3662\" data-element_type=\"widget\" data-e-type=\"widget\" data-widget_type=\"button.default\">\n\t\t\t\t<div class=\"elementor-widget-container\">\n\t\t\t\t\t\t\t\t\t<div class=\"elementor-button-wrapper\">\n\t\t\t\t\t<a class=\"elementor-button elementor-button-link elementor-size-sm\" href=\"http:\/\/www.fizjograwitacja.pl\">\n\t\t\t\t\t\t<span class=\"elementor-button-content-wrapper\">\n\t\t\t\t\t\t\t\t\t<span class=\"elementor-button-text\">Powr\u00f3t do strony g\u0142\u00f3wnej<\/span>\n\t\t\t\t\t<\/span>\n\t\t\t\t\t<\/a>\n\t\t\t\t<\/div>\n\t\t\t\t\t\t\t\t<\/div>\n\t\t\t\t<\/div>\n\t\t\t\t\t<\/div>\n\t\t<\/div>\n\t\t\t\t\t<\/div>\n\t\t<\/section>\n\t\t\t\t<\/div>\n\t\t","protected":false},"excerpt":{"rendered":"<p>Jak powszechnie wiadomo kto stoi w miejscu, ten si\u0119 cofa. Dlatego wychodz\u0105c na przeciw w\u0142asnym ambicjom a przede wszystkim oczekiwaniom naszych Pacjent\u00f3w postanowili\u015bmy poszerzy\u0107 badanie oraz spos\u00f3b leczenia wad postawy o nowy sprz\u0119t \u2013 MASZYN\u0118 DO DIAGNOSTYKI WAD ST\u00d3P ORAZ TERMICZNEGO PROFILOWANIA WK\u0141ADEK DO BUT\u00d3W renomowanej fi\u0144skiej firmy&nbsp;FootBalance!! &nbsp;Ju\u017c NIE TRZEBA wyje\u017cd\u017ca\u0107 z RADOMSKA \u017ceby [&hellip;]<\/p>\n","protected":false},"author":1,"featured_media":0,"parent":0,"menu_order":0,"comment_status":"closed","ping_status":"closed","template":"","meta":{"om_disable_all_campaigns":false,"_monsterinsights_skip_tracking":false,"_monsterinsights_sitenote_active":false,"_monsterinsights_sitenote_note":"","_monsterinsights_sitenote_category":0,"ocean_post_layout":"full-width","ocean_both_sidebars_style":"","ocean_both_sidebars_content_width":0,"ocean_both_sidebars_sidebars_width":0,"ocean_sidebar":"0","ocean_second_sidebar":"0","ocean_disable_margins":"enable","ocean_add_body_class":"","ocean_shortcode_before_top_bar":"","ocean_shortcode_after_top_bar":"","ocean_shortcode_before_header":"","ocean_shortcode_after_header":"","ocean_has_shortcode":"","ocean_shortcode_after_title":"","ocean_shortcode_before_footer_widgets":"","ocean_shortcode_after_footer_widgets":"","ocean_shortcode_before_footer_bottom":"","ocean_shortcode_after_footer_bottom":"","ocean_display_top_bar":"default","ocean_display_header":"off","ocean_header_style":"","ocean_center_header_left_menu":"0","ocean_custom_header_template":"0","ocean_custom_logo":0,"ocean_custom_retina_logo":0,"ocean_custom_logo_max_width":0,"ocean_custom_logo_tablet_max_width":0,"ocean_custom_logo_mobile_max_width":0,"ocean_custom_logo_max_height":0,"ocean_custom_logo_tablet_max_height":0,"ocean_custom_logo_mobile_max_height":0,"ocean_header_custom_menu":"0","ocean_menu_typo_font_family":"0","ocean_menu_typo_font_subset":"","ocean_menu_typo_font_size":0,"ocean_menu_typo_font_size_tablet":0,"ocean_menu_typo_font_size_mobile":0,"ocean_menu_typo_font_size_unit":"px","ocean_menu_typo_font_weight":"","ocean_menu_typo_font_weight_tablet":"","ocean_menu_typo_font_weight_mobile":"","ocean_menu_typo_transform":"","ocean_menu_typo_transform_tablet":"","ocean_menu_typo_transform_mobile":"","ocean_menu_typo_line_height":0,"ocean_menu_typo_line_height_tablet":0,"ocean_menu_typo_line_height_mobile":0,"ocean_menu_typo_line_height_unit":"","ocean_menu_typo_spacing":0,"ocean_menu_typo_spacing_tablet":0,"ocean_menu_typo_spacing_mobile":0,"ocean_menu_typo_spacing_unit":"","ocean_menu_link_color":"","ocean_menu_link_color_hover":"","ocean_menu_link_color_active":"","ocean_menu_link_background":"","ocean_menu_link_hover_background":"","ocean_menu_link_active_background":"","ocean_menu_social_links_bg":"","ocean_menu_social_hover_links_bg":"","ocean_menu_social_links_color":"","ocean_menu_social_hover_links_color":"","ocean_disable_title":"on","ocean_disable_heading":"default","ocean_post_title":"","ocean_post_subheading":"","ocean_post_title_style":"","ocean_post_title_background_color":"","ocean_post_title_background":0,"ocean_post_title_bg_image_position":"","ocean_post_title_bg_image_attachment":"","ocean_post_title_bg_image_repeat":"","ocean_post_title_bg_image_size":"","ocean_post_title_height":0,"ocean_post_title_bg_overlay":0.5,"ocean_post_title_bg_overlay_color":"","ocean_disable_breadcrumbs":"default","ocean_breadcrumbs_color":"","ocean_breadcrumbs_separator_color":"","ocean_breadcrumbs_links_color":"","ocean_breadcrumbs_links_hover_color":"","ocean_display_footer_widgets":"default","ocean_display_footer_bottom":"default","ocean_custom_footer_template":"0","footnotes":""},"class_list":["post-408","page","type-page","status-publish","hentry","entry"],"aioseo_notices":[],"_hostinger_reach_plugin_has_subscription_block":false,"_hostinger_reach_plugin_is_elementor":false,"_links":{"self":[{"href":"https:\/\/fizjograwitacja.pl\/index.php\/wp-json\/wp\/v2\/pages\/408","targetHints":{"allow":["GET"]}}],"collection":[{"href":"https:\/\/fizjograwitacja.pl\/index.php\/wp-json\/wp\/v2\/pages"}],"about":[{"href":"https:\/\/fizjograwitacja.pl\/index.php\/wp-json\/wp\/v2\/types\/page"}],"author":[{"embeddable":true,"href":"https:\/\/fizjograwitacja.pl\/index.php\/wp-json\/wp\/v2\/users\/1"}],"replies":[{"embeddable":true,"href":"https:\/\/fizjograwitacja.pl\/index.php\/wp-json\/wp\/v2\/comments?post=408"}],"version-history":[{"count":12,"href":"https:\/\/fizjograwitacja.pl\/index.php\/wp-json\/wp\/v2\/pages\/408\/revisions"}],"predecessor-version":[{"id":599,"href":"https:\/\/fizjograwitacja.pl\/index.php\/wp-json\/wp\/v2\/pages\/408\/revisions\/599"}],"wp:attachment":[{"href":"https:\/\/fizjograwitacja.pl\/index.php\/wp-json\/wp\/v2\/media?parent=408"}],"curies":[{"name":"wp","href":"https:\/\/api.w.org\/{rel}","templated":true}]}}