{"id":344,"date":"2021-04-19T11:35:45","date_gmt":"2021-04-19T09:35:45","guid":{"rendered":"https:\/\/fizjograwitacja.pl\/?page_id=344"},"modified":"2021-04-21T17:27:57","modified_gmt":"2021-04-21T15:27:57","slug":"gimnastyka-korekcyjna","status":"publish","type":"page","link":"https:\/\/fizjograwitacja.pl\/index.php\/gimnastyka-korekcyjna\/","title":{"rendered":"Gimnastyka korekcyjna"},"content":{"rendered":"\t\t<div data-elementor-type=\"wp-page\" data-elementor-id=\"344\" class=\"elementor elementor-344\" data-elementor-settings=\"{&quot;ha_cmc_init_switcher&quot;:&quot;no&quot;}\">\n\t\t\t\t\t\t<section class=\"elementor-section elementor-top-section elementor-element elementor-element-70d05334 elementor-section-boxed elementor-section-height-default elementor-section-height-default\" data-id=\"70d05334\" data-element_type=\"section\" data-e-type=\"section\" data-settings=\"{&quot;background_background&quot;:&quot;classic&quot;,&quot;_ha_eqh_enable&quot;:false}\">\n\t\t\t\t\t\t<div class=\"elementor-container elementor-column-gap-default\">\n\t\t\t\t\t<div class=\"elementor-column elementor-col-100 elementor-top-column elementor-element elementor-element-28b02f5d\" data-id=\"28b02f5d\" data-element_type=\"column\" data-e-type=\"column\">\n\t\t\t<div class=\"elementor-widget-wrap elementor-element-populated\">\n\t\t\t\t\t\t<div class=\"elementor-element elementor-element-4fed0d64 elementor-widget elementor-widget-image\" data-id=\"4fed0d64\" data-element_type=\"widget\" data-e-type=\"widget\" data-widget_type=\"image.default\">\n\t\t\t\t<div class=\"elementor-widget-container\">\n\t\t\t\t\t\t\t\t\t\t\t\t\t\t\t<img fetchpriority=\"high\" decoding=\"async\" width=\"768\" height=\"576\" src=\"https:\/\/fizjograwitacja.pl\/uploads\/2021\/04\/pilki-768x576.jpg\" class=\"attachment-medium_large size-medium_large wp-image-350\" alt=\"\" srcset=\"https:\/\/fizjograwitacja.pl\/uploads\/2021\/04\/pilki-768x576.jpg 768w, https:\/\/fizjograwitacja.pl\/uploads\/2021\/04\/pilki-300x225.jpg 300w, https:\/\/fizjograwitacja.pl\/uploads\/2021\/04\/pilki.jpg 960w\" sizes=\"(max-width: 768px) 100vw, 768px\" \/>\t\t\t\t\t\t\t\t\t\t\t\t\t\t\t<\/div>\n\t\t\t\t<\/div>\n\t\t\t\t<div class=\"elementor-element elementor-element-6c2804d7 elementor-widget elementor-widget-text-editor\" data-id=\"6c2804d7\" data-element_type=\"widget\" data-e-type=\"widget\" data-widget_type=\"text-editor.default\">\n\t\t\t\t<div class=\"elementor-widget-container\">\n\t\t\t\t\t\t\t\t\t<p style=\"font-variant-ligatures: normal; font-variant-caps: normal; font-family: Dosis; font-size: 18px; font-style: normal; font-weight: 400;\">Gimnastyka korekcyjna dotyczy wielu schorze\u0144 uk\u0142adu kostno-stawowego, min. skrzywienia kr\u0119gos\u0142upa (skoliozy, hiperlordoza, plecy okr\u0105g\u0142e, itp.), deformacje w obr\u0119bie kolan, st\u00f3p (szpotawo\u015b\u0107, ko\u015blawo\u015b\u0107).<\/p><p style=\"font-variant-ligatures: normal; font-variant-caps: normal; font-family: Dosis; font-size: 18px; font-style: normal; font-weight: 400;\">W Naszym Centrum oferujemy Pa\u0144stwu i Waszym pociechom kompleksow\u0105 gimnastyk\u0119 korekcyjn\u0105, zaczynaj\u0105c od fachowej konsultacji, poprzez dob\u00f3r \u0107wicze\u0144 a na ocenie pracy ko\u0144cz\u0105c. W swoim dzia\u0142aniu stawiamy na efektywno\u015b\u0107 i skuteczno\u015b\u0107, staraj\u0105c si\u0119 jednocze\u015bnie urozmaica\u0107 \u0107wiczenia unikaj\u0105c monotonii u Naszych pacjent\u00f3w. Cele naszych dzia\u0142a\u0144 to:<br \/>\u2013 profilaktyka<br \/>\u2013 eliminacja wady<br \/>\u2013 wykszta\u0142cenie nawyku prawid\u0142owej postawy, wzorca<br \/>\u2013 poprawa stabilizacji, wydolno\u015bci, koordynacji i innych za\u0142o\u017conych cel\u00f3w<br \/>\u2013 wsp\u00f3\u0142praca z rodzicami, instrukta\u017c domowy<\/p><p style=\"font-variant-ligatures: normal; font-variant-caps: normal; font-family: Dosis; font-size: 18px; font-style: normal; font-weight: 400;\">Zaj\u0119cia odbywaj\u0105 si\u0119 indywidualnie i jednoosobowo.<\/p>\t\t\t\t\t\t\t\t<\/div>\n\t\t\t\t<\/div>\n\t\t\t\t<div class=\"elementor-element elementor-element-5090bacd elementor-align-center elementor-widget elementor-widget-button\" data-id=\"5090bacd\" data-element_type=\"widget\" data-e-type=\"widget\" data-widget_type=\"button.default\">\n\t\t\t\t<div class=\"elementor-widget-container\">\n\t\t\t\t\t\t\t\t\t<div class=\"elementor-button-wrapper\">\n\t\t\t\t\t<a class=\"elementor-button elementor-button-link elementor-size-sm\" href=\"http:\/\/www.fizjograwitacja.pl\">\n\t\t\t\t\t\t<span class=\"elementor-button-content-wrapper\">\n\t\t\t\t\t\t\t\t\t<span class=\"elementor-button-text\">Powr\u00f3t do strony g\u0142\u00f3wnej<\/span>\n\t\t\t\t\t<\/span>\n\t\t\t\t\t<\/a>\n\t\t\t\t<\/div>\n\t\t\t\t\t\t\t\t<\/div>\n\t\t\t\t<\/div>\n\t\t\t\t\t<\/div>\n\t\t<\/div>\n\t\t\t\t\t<\/div>\n\t\t<\/section>\n\t\t\t\t<\/div>\n\t\t","protected":false},"excerpt":{"rendered":"<p>Gimnastyka korekcyjna dotyczy wielu schorze\u0144 uk\u0142adu kostno-stawowego, min. skrzywienia kr\u0119gos\u0142upa (skoliozy, hiperlordoza, plecy okr\u0105g\u0142e, itp.), deformacje w obr\u0119bie kolan, st\u00f3p (szpotawo\u015b\u0107, ko\u015blawo\u015b\u0107). W Naszym Centrum oferujemy Pa\u0144stwu i Waszym pociechom kompleksow\u0105 gimnastyk\u0119 korekcyjn\u0105, zaczynaj\u0105c od fachowej konsultacji, poprzez dob\u00f3r \u0107wicze\u0144 a na ocenie pracy ko\u0144cz\u0105c. W swoim dzia\u0142aniu stawiamy na efektywno\u015b\u0107 i skuteczno\u015b\u0107, staraj\u0105c si\u0119 [&hellip;]<\/p>\n","protected":false},"author":1,"featured_media":0,"parent":0,"menu_order":0,"comment_status":"closed","ping_status":"closed","template":"","meta":{"om_disable_all_campaigns":false,"_monsterinsights_skip_tracking":false,"_monsterinsights_sitenote_active":false,"_monsterinsights_sitenote_note":"","_monsterinsights_sitenote_category":0,"ocean_post_layout":"full-width","ocean_both_sidebars_style":"","ocean_both_sidebars_content_width":0,"ocean_both_sidebars_sidebars_width":0,"ocean_sidebar":"0","ocean_second_sidebar":"0","ocean_disable_margins":"enable","ocean_add_body_class":"","ocean_shortcode_before_top_bar":"","ocean_shortcode_after_top_bar":"","ocean_shortcode_before_header":"","ocean_shortcode_after_header":"","ocean_has_shortcode":"","ocean_shortcode_after_title":"","ocean_shortcode_before_footer_widgets":"","ocean_shortcode_after_footer_widgets":"","ocean_shortcode_before_footer_bottom":"","ocean_shortcode_after_footer_bottom":"","ocean_display_top_bar":"default","ocean_display_header":"off","ocean_header_style":"","ocean_center_header_left_menu":"0","ocean_custom_header_template":"0","ocean_custom_logo":0,"ocean_custom_retina_logo":0,"ocean_custom_logo_max_width":0,"ocean_custom_logo_tablet_max_width":0,"ocean_custom_logo_mobile_max_width":0,"ocean_custom_logo_max_height":0,"ocean_custom_logo_tablet_max_height":0,"ocean_custom_logo_mobile_max_height":0,"ocean_header_custom_menu":"0","ocean_menu_typo_font_family":"0","ocean_menu_typo_font_subset":"","ocean_menu_typo_font_size":0,"ocean_menu_typo_font_size_tablet":0,"ocean_menu_typo_font_size_mobile":0,"ocean_menu_typo_font_size_unit":"px","ocean_menu_typo_font_weight":"","ocean_menu_typo_font_weight_tablet":"","ocean_menu_typo_font_weight_mobile":"","ocean_menu_typo_transform":"","ocean_menu_typo_transform_tablet":"","ocean_menu_typo_transform_mobile":"","ocean_menu_typo_line_height":0,"ocean_menu_typo_line_height_tablet":0,"ocean_menu_typo_line_height_mobile":0,"ocean_menu_typo_line_height_unit":"","ocean_menu_typo_spacing":0,"ocean_menu_typo_spacing_tablet":0,"ocean_menu_typo_spacing_mobile":0,"ocean_menu_typo_spacing_unit":"","ocean_menu_link_color":"","ocean_menu_link_color_hover":"","ocean_menu_link_color_active":"","ocean_menu_link_background":"","ocean_menu_link_hover_background":"","ocean_menu_link_active_background":"","ocean_menu_social_links_bg":"","ocean_menu_social_hover_links_bg":"","ocean_menu_social_links_color":"","ocean_menu_social_hover_links_color":"","ocean_disable_title":"on","ocean_disable_heading":"default","ocean_post_title":"","ocean_post_subheading":"","ocean_post_title_style":"","ocean_post_title_background_color":"","ocean_post_title_background":0,"ocean_post_title_bg_image_position":"","ocean_post_title_bg_image_attachment":"","ocean_post_title_bg_image_repeat":"","ocean_post_title_bg_image_size":"","ocean_post_title_height":0,"ocean_post_title_bg_overlay":0.5,"ocean_post_title_bg_overlay_color":"","ocean_disable_breadcrumbs":"default","ocean_breadcrumbs_color":"","ocean_breadcrumbs_separator_color":"","ocean_breadcrumbs_links_color":"","ocean_breadcrumbs_links_hover_color":"","ocean_display_footer_widgets":"default","ocean_display_footer_bottom":"default","ocean_custom_footer_template":"0","footnotes":""},"class_list":["post-344","page","type-page","status-publish","hentry","entry"],"aioseo_notices":[],"_hostinger_reach_plugin_has_subscription_block":false,"_hostinger_reach_plugin_is_elementor":false,"_links":{"self":[{"href":"https:\/\/fizjograwitacja.pl\/index.php\/wp-json\/wp\/v2\/pages\/344","targetHints":{"allow":["GET"]}}],"collection":[{"href":"https:\/\/fizjograwitacja.pl\/index.php\/wp-json\/wp\/v2\/pages"}],"about":[{"href":"https:\/\/fizjograwitacja.pl\/index.php\/wp-json\/wp\/v2\/types\/page"}],"author":[{"embeddable":true,"href":"https:\/\/fizjograwitacja.pl\/index.php\/wp-json\/wp\/v2\/users\/1"}],"replies":[{"embeddable":true,"href":"https:\/\/fizjograwitacja.pl\/index.php\/wp-json\/wp\/v2\/comments?post=344"}],"version-history":[{"count":11,"href":"https:\/\/fizjograwitacja.pl\/index.php\/wp-json\/wp\/v2\/pages\/344\/revisions"}],"predecessor-version":[{"id":569,"href":"https:\/\/fizjograwitacja.pl\/index.php\/wp-json\/wp\/v2\/pages\/344\/revisions\/569"}],"wp:attachment":[{"href":"https:\/\/fizjograwitacja.pl\/index.php\/wp-json\/wp\/v2\/media?parent=344"}],"curies":[{"name":"wp","href":"https:\/\/api.w.org\/{rel}","templated":true}]}}