{"id":333,"date":"2021-04-19T11:25:07","date_gmt":"2021-04-19T09:25:07","guid":{"rendered":"https:\/\/fizjograwitacja.pl\/?page_id=333"},"modified":"2021-04-21T17:38:43","modified_gmt":"2021-04-21T15:38:43","slug":"mckenzi","status":"publish","type":"page","link":"https:\/\/fizjograwitacja.pl\/index.php\/mckenzi\/","title":{"rendered":"Terapia przeciwb\u00f3lowa kr\u0119gos\u0142upa metod\u0105 McKenziego &#8211; mechaniczna diagnoza i terapia MTD"},"content":{"rendered":"\t\t<div data-elementor-type=\"wp-page\" data-elementor-id=\"333\" class=\"elementor elementor-333\" data-elementor-settings=\"{&quot;ha_cmc_init_switcher&quot;:&quot;no&quot;}\">\n\t\t\t\t\t\t<section class=\"elementor-section elementor-top-section elementor-element elementor-element-56cc1bb2 elementor-section-boxed elementor-section-height-default elementor-section-height-default\" data-id=\"56cc1bb2\" data-element_type=\"section\" data-e-type=\"section\" data-settings=\"{&quot;background_background&quot;:&quot;classic&quot;,&quot;_ha_eqh_enable&quot;:false}\">\n\t\t\t\t\t\t<div class=\"elementor-container elementor-column-gap-default\">\n\t\t\t\t\t<div class=\"elementor-column elementor-col-100 elementor-top-column elementor-element elementor-element-13a955b3\" data-id=\"13a955b3\" data-element_type=\"column\" data-e-type=\"column\">\n\t\t\t<div class=\"elementor-widget-wrap elementor-element-populated\">\n\t\t\t\t\t\t<div class=\"elementor-element elementor-element-6338eeb1 elementor-widget elementor-widget-image\" data-id=\"6338eeb1\" data-element_type=\"widget\" data-e-type=\"widget\" data-widget_type=\"image.default\">\n\t\t\t\t<div class=\"elementor-widget-container\">\n\t\t\t\t\t\t\t\t\t\t\t\t\t\t\t<img fetchpriority=\"high\" decoding=\"async\" width=\"600\" height=\"600\" src=\"https:\/\/fizjograwitacja.pl\/uploads\/2021\/04\/madison-lavern-D2uK7elFBU4-unsplash_Easy-Resize.com_.jpg\" class=\"attachment-medium_large size-medium_large wp-image-434\" alt=\"\" srcset=\"https:\/\/fizjograwitacja.pl\/uploads\/2021\/04\/madison-lavern-D2uK7elFBU4-unsplash_Easy-Resize.com_.jpg 600w, https:\/\/fizjograwitacja.pl\/uploads\/2021\/04\/elementor\/thumbs\/madison-lavern-D2uK7elFBU4-unsplash_Easy-Resize.com_-p5xznluduygv10js5cdr3arq65ctsokpqwj432g5o8.jpg 300w, https:\/\/fizjograwitacja.pl\/uploads\/2021\/04\/madison-lavern-D2uK7elFBU4-unsplash_Easy-Resize.com_-150x150.jpg 150w\" sizes=\"(max-width: 600px) 100vw, 600px\" \/>\t\t\t\t\t\t\t\t\t\t\t\t\t\t\t<\/div>\n\t\t\t\t<\/div>\n\t\t\t\t<div class=\"elementor-element elementor-element-17f50e5c elementor-widget elementor-widget-text-editor\" data-id=\"17f50e5c\" data-element_type=\"widget\" data-e-type=\"widget\" data-widget_type=\"text-editor.default\">\n\t\t\t\t<div class=\"elementor-widget-container\">\n\t\t\t\t\t\t\t\t\t<div id=\"header\" style=\"font-variant-ligatures: normal; font-variant-caps: normal; font-family: Dosis; font-size: 18px; font-style: normal; font-weight: 400;\"><div class=\"inner\" style=\"font-size: 18px;\">\u00a0<\/div><\/div><div class=\"wrapper style2\" style=\"font-variant-ligatures: normal; font-variant-caps: normal; font-family: Dosis; font-size: 18px; font-style: normal; font-weight: 400;\"><article id=\"about\" class=\"container special\" style=\"font-size: 18px;\"><p style=\"font-size: 18px;\"><span style=\"font-size: 18px; font-weight: 600;\">Metoda McKenzie \u2013 Mechaniczna Diagnoza i Terapia (MDT)\u00a0<\/span>\u2013 metoda diagnostyki oraz oceny pacjenta pod k\u0105tem konkretnego incydentu b\u00f3lowego kr\u0119gos\u0142upa lub ko\u0144czyn. Terapia eliminuj\u0105ca b\u00f3l narz\u0105du ruchu.<\/p><p style=\"font-size: 18px;\">Skuteczno\u015b\u0107 metody polega na wnikliwej analizie problemu z kt\u00f3rym boryka si\u0119 pacjent, przeprowadzeniu szczeg\u00f3\u0142owego wywiadu oraz opracowaniu indywidualnego programu terapii, umo\u017cliwiaj\u0105cej jak najszybszy powr\u00f3t do pe\u0142nej sprawno\u015bci. Bardzo wa\u017cnym aspektem jest r\u00f3wnie\u017c edukacja pacjenta, dzi\u0119ki kt\u00f3rej pacjent poznaje szerzej zasad\u0119 funkcjonowania w\u0142asnego kr\u0119gos\u0142upa oraz potrafi zadzia\u0142a\u0107 prewencyjnie, naprzeciw dolegliwo\u015bciom b\u00f3lowym,<br \/>Terapia skierowana jest w szczeg\u00f3lno\u015bci do os\u00f3b skar\u017c\u0105cych si\u0119 na:<br \/>-b\u00f3l plec\u00f3w r\u00f3\u017cnego pochodzenia (pourazowo niezb\u0119dne jest zdj\u0119cie RTG)<br \/>\u2013 problemy dysku (przepuklina kr\u0105\u017cka mi\u0119dzykr\u0119gowego) nazwanie powszechnie \u201ekorzonkami, lumbago, przewianiem, postrza\u0142em oraz inne tym podobne okre\u015blenia\u201d<br \/>\u2013 pacjent\u00f3w cierpi\u0105cych na rw\u0119 kulszow\u0105<\/p><p style=\"font-size: 18px;\">Metoda jest jedna z najbardziej skutecznych technik eliminuj\u0105cych b\u00f3l kr\u0119gos\u0142upa. Pozwala pacjentowi na powr\u00f3t do sprawno\u015bci, zminimalizowanie b\u00f3lu oraz ograniczenie liczby wizyt u terapeuty do minimum<\/p><\/article><\/div>\t\t\t\t\t\t\t\t<\/div>\n\t\t\t\t<\/div>\n\t\t\t\t<div class=\"elementor-element elementor-element-3a7ecd8f elementor-align-center elementor-widget elementor-widget-button\" data-id=\"3a7ecd8f\" data-element_type=\"widget\" data-e-type=\"widget\" data-widget_type=\"button.default\">\n\t\t\t\t<div class=\"elementor-widget-container\">\n\t\t\t\t\t\t\t\t\t<div class=\"elementor-button-wrapper\">\n\t\t\t\t\t<a class=\"elementor-button elementor-button-link elementor-size-sm\" href=\"http:\/\/www.fizjograwitacja.pl\">\n\t\t\t\t\t\t<span class=\"elementor-button-content-wrapper\">\n\t\t\t\t\t\t\t\t\t<span class=\"elementor-button-text\">Powr\u00f3t do strony g\u0142\u00f3wnej<\/span>\n\t\t\t\t\t<\/span>\n\t\t\t\t\t<\/a>\n\t\t\t\t<\/div>\n\t\t\t\t\t\t\t\t<\/div>\n\t\t\t\t<\/div>\n\t\t\t\t\t<\/div>\n\t\t<\/div>\n\t\t\t\t\t<\/div>\n\t\t<\/section>\n\t\t\t\t<\/div>\n\t\t","protected":false},"excerpt":{"rendered":"<p>\u00a0 Metoda McKenzie \u2013 Mechaniczna Diagnoza i Terapia (MDT)\u00a0\u2013 metoda diagnostyki oraz oceny pacjenta pod k\u0105tem konkretnego incydentu b\u00f3lowego kr\u0119gos\u0142upa lub ko\u0144czyn. Terapia eliminuj\u0105ca b\u00f3l narz\u0105du ruchu. Skuteczno\u015b\u0107 metody polega na wnikliwej analizie problemu z kt\u00f3rym boryka si\u0119 pacjent, przeprowadzeniu szczeg\u00f3\u0142owego wywiadu oraz opracowaniu indywidualnego programu terapii, umo\u017cliwiaj\u0105cej jak najszybszy powr\u00f3t do pe\u0142nej sprawno\u015bci. Bardzo [&hellip;]<\/p>\n","protected":false},"author":1,"featured_media":0,"parent":0,"menu_order":0,"comment_status":"closed","ping_status":"closed","template":"","meta":{"om_disable_all_campaigns":false,"_monsterinsights_skip_tracking":false,"_monsterinsights_sitenote_active":false,"_monsterinsights_sitenote_note":"","_monsterinsights_sitenote_category":0,"ocean_post_layout":"full-width","ocean_both_sidebars_style":"","ocean_both_sidebars_content_width":0,"ocean_both_sidebars_sidebars_width":0,"ocean_sidebar":"0","ocean_second_sidebar":"0","ocean_disable_margins":"enable","ocean_add_body_class":"","ocean_shortcode_before_top_bar":"","ocean_shortcode_after_top_bar":"","ocean_shortcode_before_header":"","ocean_shortcode_after_header":"","ocean_has_shortcode":"","ocean_shortcode_after_title":"","ocean_shortcode_before_footer_widgets":"","ocean_shortcode_after_footer_widgets":"","ocean_shortcode_before_footer_bottom":"","ocean_shortcode_after_footer_bottom":"","ocean_display_top_bar":"default","ocean_display_header":"off","ocean_header_style":"","ocean_center_header_left_menu":"0","ocean_custom_header_template":"0","ocean_custom_logo":0,"ocean_custom_retina_logo":0,"ocean_custom_logo_max_width":0,"ocean_custom_logo_tablet_max_width":0,"ocean_custom_logo_mobile_max_width":0,"ocean_custom_logo_max_height":0,"ocean_custom_logo_tablet_max_height":0,"ocean_custom_logo_mobile_max_height":0,"ocean_header_custom_menu":"0","ocean_menu_typo_font_family":"0","ocean_menu_typo_font_subset":"","ocean_menu_typo_font_size":0,"ocean_menu_typo_font_size_tablet":0,"ocean_menu_typo_font_size_mobile":0,"ocean_menu_typo_font_size_unit":"px","ocean_menu_typo_font_weight":"","ocean_menu_typo_font_weight_tablet":"","ocean_menu_typo_font_weight_mobile":"","ocean_menu_typo_transform":"","ocean_menu_typo_transform_tablet":"","ocean_menu_typo_transform_mobile":"","ocean_menu_typo_line_height":0,"ocean_menu_typo_line_height_tablet":0,"ocean_menu_typo_line_height_mobile":0,"ocean_menu_typo_line_height_unit":"","ocean_menu_typo_spacing":0,"ocean_menu_typo_spacing_tablet":0,"ocean_menu_typo_spacing_mobile":0,"ocean_menu_typo_spacing_unit":"","ocean_menu_link_color":"","ocean_menu_link_color_hover":"","ocean_menu_link_color_active":"","ocean_menu_link_background":"","ocean_menu_link_hover_background":"","ocean_menu_link_active_background":"","ocean_menu_social_links_bg":"","ocean_menu_social_hover_links_bg":"","ocean_menu_social_links_color":"","ocean_menu_social_hover_links_color":"","ocean_disable_title":"on","ocean_disable_heading":"default","ocean_post_title":"","ocean_post_subheading":"","ocean_post_title_style":"","ocean_post_title_background_color":"","ocean_post_title_background":0,"ocean_post_title_bg_image_position":"","ocean_post_title_bg_image_attachment":"","ocean_post_title_bg_image_repeat":"","ocean_post_title_bg_image_size":"","ocean_post_title_height":0,"ocean_post_title_bg_overlay":0.5,"ocean_post_title_bg_overlay_color":"","ocean_disable_breadcrumbs":"default","ocean_breadcrumbs_color":"","ocean_breadcrumbs_separator_color":"","ocean_breadcrumbs_links_color":"","ocean_breadcrumbs_links_hover_color":"","ocean_display_footer_widgets":"default","ocean_display_footer_bottom":"default","ocean_custom_footer_template":"0","footnotes":""},"class_list":["post-333","page","type-page","status-publish","hentry","entry"],"aioseo_notices":[],"_hostinger_reach_plugin_has_subscription_block":false,"_hostinger_reach_plugin_is_elementor":false,"_links":{"self":[{"href":"https:\/\/fizjograwitacja.pl\/index.php\/wp-json\/wp\/v2\/pages\/333","targetHints":{"allow":["GET"]}}],"collection":[{"href":"https:\/\/fizjograwitacja.pl\/index.php\/wp-json\/wp\/v2\/pages"}],"about":[{"href":"https:\/\/fizjograwitacja.pl\/index.php\/wp-json\/wp\/v2\/types\/page"}],"author":[{"embeddable":true,"href":"https:\/\/fizjograwitacja.pl\/index.php\/wp-json\/wp\/v2\/users\/1"}],"replies":[{"embeddable":true,"href":"https:\/\/fizjograwitacja.pl\/index.php\/wp-json\/wp\/v2\/comments?post=333"}],"version-history":[{"count":11,"href":"https:\/\/fizjograwitacja.pl\/index.php\/wp-json\/wp\/v2\/pages\/333\/revisions"}],"predecessor-version":[{"id":590,"href":"https:\/\/fizjograwitacja.pl\/index.php\/wp-json\/wp\/v2\/pages\/333\/revisions\/590"}],"wp:attachment":[{"href":"https:\/\/fizjograwitacja.pl\/index.php\/wp-json\/wp\/v2\/media?parent=333"}],"curies":[{"name":"wp","href":"https:\/\/api.w.org\/{rel}","templated":true}]}}