{"id":273,"date":"2021-04-17T12:19:00","date_gmt":"2021-04-17T10:19:00","guid":{"rendered":"https:\/\/fizjograwitacja.pl\/?page_id=273"},"modified":"2021-04-21T17:40:59","modified_gmt":"2021-04-21T15:40:59","slug":"spidersuit","status":"publish","type":"page","link":"https:\/\/fizjograwitacja.pl\/index.php\/spidersuit\/","title":{"rendered":"Terapia z u\u017cyciem kostiumu rehabilitacyjnego SpiderSuit"},"content":{"rendered":"\t\t<div data-elementor-type=\"wp-page\" data-elementor-id=\"273\" class=\"elementor elementor-273\" data-elementor-settings=\"{&quot;ha_cmc_init_switcher&quot;:&quot;no&quot;}\">\n\t\t\t\t\t\t<section class=\"elementor-section elementor-top-section elementor-element elementor-element-41dafd1d elementor-section-boxed elementor-section-height-default elementor-section-height-default\" data-id=\"41dafd1d\" data-element_type=\"section\" data-e-type=\"section\" data-settings=\"{&quot;background_background&quot;:&quot;classic&quot;,&quot;_ha_eqh_enable&quot;:false}\">\n\t\t\t\t\t\t<div class=\"elementor-container elementor-column-gap-default\">\n\t\t\t\t\t<div class=\"elementor-column elementor-col-100 elementor-top-column elementor-element elementor-element-3b4933ca\" data-id=\"3b4933ca\" data-element_type=\"column\" data-e-type=\"column\">\n\t\t\t<div class=\"elementor-widget-wrap elementor-element-populated\">\n\t\t\t\t\t\t<div class=\"elementor-element elementor-element-253153aa elementor-widget elementor-widget-image\" data-id=\"253153aa\" data-element_type=\"widget\" data-e-type=\"widget\" data-widget_type=\"image.default\">\n\t\t\t\t<div class=\"elementor-widget-container\">\n\t\t\t\t\t\t\t\t\t\t\t\t\t\t\t<img fetchpriority=\"high\" decoding=\"async\" width=\"500\" height=\"667\" src=\"https:\/\/fizjograwitacja.pl\/uploads\/2021\/04\/1555464_549869571794308_1932928722_n-e1619019611217.jpg\" class=\"attachment-medium_large size-medium_large wp-image-442\" alt=\"\" \/>\t\t\t\t\t\t\t\t\t\t\t\t\t\t\t<\/div>\n\t\t\t\t<\/div>\n\t\t\t\t<div class=\"elementor-element elementor-element-7d2b6e7e elementor-widget elementor-widget-text-editor\" data-id=\"7d2b6e7e\" data-element_type=\"widget\" data-e-type=\"widget\" data-widget_type=\"text-editor.default\">\n\t\t\t\t<div class=\"elementor-widget-container\">\n\t\t\t\t\t\t\t\t\t<p style=\"font-variant-ligatures: normal; font-variant-caps: normal; font-family: Dosis; font-size: 17px; font-style: normal; font-weight: 400;\"><span style=\"font-size: 17px; font-weight: 600;\">SpiderSuit<\/span>\u00a0\u2013 jest mi\u0119kk\u0105 dynamiczn\u0105 ortez\u0105, kt\u00f3ra daje ogromne mo\u017cliwo\u015bci w usprawnianiu pacjent\u00f3w z deficytami w narz\u0105dzie ruchu, jak r\u00f3wnie\u017c w schorzeniach CUN.<br \/>SpiderSuit \u2013 nie jest metod\u0105 rehabilitacyjn\u0105 jest zatem narz\u0119dziem, kt\u00f3re umiej\u0119tnie wykorzystane wraz z zastosowaniem intensywnego programu rehabilitacyjnego znacznie przyspiesza progres pacjenta.<\/p><p style=\"font-variant-ligatures: normal; font-variant-caps: normal; font-family: Dosis; font-size: 17px; font-style: normal; font-weight: 400;\">Sam kombinezon SpiderSuit jest lepiej wyprofilowany. Do minimum zniwelowano problem otar\u0107 i nieprzyjemnych ucisk\u00f3w, zauwa\u017canych w trakcie pracy z poprzedni\u0105 wersj\u0105 kostiumu. Kamizelka ma szerszy dekolt, jest zak\u0142adana od g\u00f3ry, co czyni j\u0105 stabilniejsz\u0105. Dodatkowo boczne rzepy wzmocnione s\u0105 klamrami. Spodenki s\u0105 wyd\u0142u\u017cone, zaopatrzone w rzepy oraz klamry uniemo\u017cliwiaj\u0105ce niekontrolowane rozpi\u0119cie ich podczas \u0107wicze\u0144. Nakolanniki s\u0105 d\u0142u\u017csze i szersze, dzi\u0119ki czemu lepiej spe\u0142niaj\u0105 swoj\u0105 funkcj\u0119. Orteza na ko\u0144czyn\u0119 g\u00f3rn\u0105 mocowana jest r\u00f3wnie\u017c za pomoc\u0105 rzep\u00f3w.<\/p><p style=\"font-variant-ligatures: normal; font-variant-caps: normal; font-family: Dosis; font-size: 17px; font-style: normal; font-weight: 400;\">Jak wspomniano wcze\u015bniej, SpiderSuit wzbogacony jest o element s\u0142u\u017c\u0105cy w pracy z pacjentem, poprawie funkcji jego ko\u0144czyny g\u00f3rnej. Orteza obejmuje ca\u0142\u0105 ko\u0144czyn\u0119 (od okolicy pachy do ko\u0144ca policzk\u00f3w). Dzi\u0119ki temu mo\u017cna pracowa\u0107 praktycznie nad ka\u017cd\u0105, utracon\u0105 funkcj\u0105. Osi\u0105ganie odpowiednich efekt\u00f3w zwi\u0105zane jest z zamontowanym na powierzchni ortezy systemem haczyk\u00f3w, do kt\u00f3rego doczepiane s\u0105, odpowiedni napr\u0119\u017cone gumy. Daje to oczekiwany efekt, zar\u00f3wno w pracy nad funkcj\u0105 ramienia, przedramienia, jak i samej r\u0119ki. Skupiaj\u0105c si\u0119 na d\u0142oni, stosuje si\u0119 specjalnie wyprofilowan\u0105 form\u0119 usztywniaj\u0105c\u0105 materia\u0142 ortezy, dzi\u0119ki czemu \u0107wiczenia staj\u0105 si\u0119 bardziej komfortowe, a przede wszystkim efektywne. Zastosowanie ortezy na ko\u0144czyn\u0119 g\u00f3rn\u0105 daje pozytywne skutki w pracy z osobami cierpi\u0105cymi na schorzenia uk\u0142adu nerwowego (MPDz, udary, urazy m\u00f3zgu, itp.), ale r\u00f3wnie\u017c w\u015br\u00f3d pacjent\u00f3w po przebytych urazach ko\u0144czyn g\u00f3rnych (st\u0142uczenia, z\u0142amania, itp.)<\/p><p style=\"font-variant-ligatures: normal; font-variant-caps: normal; font-family: Dosis; font-size: 17px; font-style: normal; font-weight: 400;\">Dzi\u0119ki swej konstrukcji pozwala to na wprowadzenie cz\u0119\u015bci programu \u201eterapii r\u0119ki\u201d w trakcie trwania zaj\u0119\u0107 og\u00f3lnorozwojowych.<\/p><p style=\"font-variant-ligatures: normal; font-variant-caps: normal; font-family: Dosis; font-size: 17px; font-style: normal; font-weight: 400;\">Dodatkowe zastosowanie szeregu udogodnie\u0144 zwi\u0105zanych z popraw\u0105 ergonomii oraz komfortu pracy pacjent\u00f3w w kombinezonie SpiderSuit.Dzi\u0119ki tym rozwi\u0105zaniom, kombinezon mo\u017cna u\u017cywa\u0107, standardowo jako ca\u0142o\u015bci (czapeczka, kamizelka, spodenki, nakolanniki, ortezy ko\u0144czyny g\u00f3rnej, buty) \u0142\u0105cz\u0105c go elastycznymi gumkami, lub ka\u017cdy z ww. element\u00f3w zastosowa\u0107 mo\u017cna z osobna. To du\u017ce u\u0142atwienie dla terapeut\u00f3w, poniewa\u017c z racji konstrukcji SpiderSuit, poszczeg\u00f3lne cz\u0119\u015bci kostiumu mo\u017cna wykorzystywa\u0107 jako odr\u0119bne narz\u0119dzia pracy. U os\u00f3b po z\u0142amaniach, zanikach mi\u0119\u015bniowych, w celu odbudowy masy i si\u0142y mi\u0119\u015bniowej, mo\u017cna u\u017cy\u0107 na przyk\u0142ad tylko samego nakolannika.<\/p><p style=\"font-variant-ligatures: normal; font-variant-caps: normal; font-family: Dosis; font-size: 17px; font-style: normal; font-weight: 400;\">Kolejn\u0105 zmian\u0105 wyr\u00f3\u017cniaj\u0105c\u0105 SpiderSuit jest zastosowanie systemu metalowych oczek, kt\u00f3re wykorzystuje si\u0119 w pracy z pacjentem min. w UGUL\u2019u, a tak\u017ce w \u201epaj\u0105ku\u201d. Samo umiejscowienie stalowych k\u00f3\u0142ek pozwala, w wielu przypadkach (w\u015br\u00f3d l\u017cejszych wagowo pacjent\u00f3w), na zrezygnowanie ze sk\u00f3rzanego pasa stanowi\u0105cego baz\u0119 \u201epaj\u0105ka\u201d, co przyspiesza przygotowanie do pracy oraz zwalnia terapeut\u0119 z obowi\u0105zku zakupu pasa. W trakcie pracy z pacjentem w UGUL\u2019u metalowe oczka r\u00f3wnie\u017c odgrywaj\u0105 wa\u017cn\u0105 rol\u0119. Dzi\u0119ki prawid\u0142owemu rozmieszczeniu na elementach kostiumu, wykorzystuje si\u0119 je do treningu wzmacniaj\u0105cego grupy mi\u0119\u015bniowe (z wykorzystaniem systemu gum, bloczk\u00f3w oraz linek z obci\u0105\u017cnikami). Umiejscowienie k\u00f3\u0142ek pozwala tak\u017ce na pionizacj\u0119 pacjenta, prac\u0119 nad popraw\u0105 stereotypu chodu, a tak\u017ce cz\u0119\u015bciowe lub ca\u0142o\u015bciowe podwieszanie go ponad powierzchni\u0105 le\u017canki.<\/p><p style=\"font-variant-ligatures: normal; font-variant-caps: normal; font-family: Dosis; font-size: 17px; font-style: normal; font-weight: 400;\">W trakcie pracy w kostiumie SpiderSuit stosuje si\u0119 standardowe narz\u0119dzia w postaci podwieszek ko\u0144czyn g\u00f3rnych i dolnych, tu\u0142owia, linek i bloczk\u00f3w rehabilitacyjnych oraz obci\u0105\u017cnik\u00f3w 0,5 kg, 0,7 kg, 1,5 kg dopinanych na rzepy do ko\u0144czyn g\u00f3rnych lub dolnych, w celu zwi\u0119kszenia si\u0142y i masy mi\u0119\u015bniowej. Maj\u0105 one zastosowanie g\u0142\u00f3wnie w pocz\u0105tkowej fazie, ka\u017cdego dnia zaj\u0119\u0107, przeprowadzanej w UGUL\u2019u.<\/p><ul style=\"font-variant-ligatures: normal; font-variant-caps: normal; font-family: Dosis; font-size: 17px; font-style: normal; font-weight: 400;\"><li style=\"font-size: 17px; list-style-type: none;\"><ul style=\"font-size: 17px;\">Wskazania do rehabilitacji w kostiumie SpiderSuit:<\/ul><\/li><\/ul><ul style=\"font-variant-ligatures: normal; font-variant-caps: normal; font-family: Dosis; font-size: 17px; font-style: normal; font-weight: 400;\"><li style=\"font-size: 17px;\">1.M\u00f3zgowe Pora\u017cenie Dzieci\u0119ce \u2013 podstaw\u0105 rehabilitacji jest tutaj min. wyr\u00f3wnanie napi\u0119cia mi\u0119\u015bniowego, nauka prawid\u0142owej postawy, wzmacnianie si\u0142y oraz wytrzyma\u0142o\u015bci mi\u0119\u015bniowej, a tak\u017ce pionizacja chorego.<\/li><li style=\"font-size: 17px;\">2. Op\u00f3\u017anienia ruchowo \u2013 rozwojowe.<\/li><li style=\"font-size: 17px;\">3. Uszkodzenia m\u00f3zgu (zapalenia bakteryjne, wirusowe, urazy m\u00f3zgowe).<\/li><li style=\"font-size: 17px;\">4. Udary m\u00f3zgu \u2013 podczas terapii najwi\u0119kszy nacisk stawia si\u0119 na popraw\u0119 funkcji pora\u017conej strony: nauka prawid\u0142owego obci\u0105\u017cania pora\u017conej ko\u0144czyny, reedukacja chodu, wzmacnianie si\u0142y mi\u0119\u015bniowej, poprawa funkcji r\u0119ki.<\/li><li style=\"font-size: 17px;\">5. Ataksja \u2013 schorzenie g\u0142\u00f3wnie pochodzenia m\u00f3\u017cd\u017ckowego, kt\u00f3rego objawem s\u0105 zaburzenia r\u00f3wnowagi oraz ma\u0142a amplituda ruch\u00f3w zar\u00f3wno zamierzonych, jak i nie zamierzonych. Kostium SpiderSuit doskonale wp\u0142ywa na popraw\u0119 r\u00f3wnowagi i koordynacji ruchowej w\u015br\u00f3d stosuj\u0105cych go pacjent\u00f3w.<\/li><li style=\"font-size: 17px;\">6. Atetoza.<\/li><li style=\"font-size: 17px;\">7. Spastyczno\u015b\u0107, wzmo\u017cone napi\u0119cie mi\u0119\u015bniowe.<\/li><li style=\"font-size: 17px;\">8. Obni\u017cone napi\u0119cie mi\u0119\u015bniowe.<\/li><li style=\"font-size: 17px;\">9. Dystonia.<\/li><li style=\"font-size: 17px;\">10.Zesp\u00f3\u0142 Downa.<\/li><li style=\"font-size: 17px;\">11. Przepuklina rdzeniowo-oponowa \u2013 zaj\u0119cia rehabilitacyjne zbli\u017cone do tych stosowanych w MPDz, dzi\u0119ki czemu w trakcie rehabilitacji z powodzeniem wykorzysta\u0107 mo\u017cna kostium SpiderSuit.<\/li><li style=\"font-size: 17px;\">12. Autyzm.<\/li><li style=\"font-size: 17px;\">13. Stany po uszkodzeniu oraz pooperacyjne narz\u0105du ruchu (st\u0142uczenia, z\u0142amania, ograniczenie ruchomo\u015bci, uszkodzenia obwodowego uk\u0142adu nerwowego, zaniki mi\u0119\u015bniowe, rekonstrukcja wi\u0105zade\u0142 stawu kolanowego, itp.) \u2013 zastosowanie konkretnego elementu kostiumu przyspieszy po\u017c\u0105dan\u0105 popraw\u0119 funkcji, wp\u0142ywaj\u0105c na wzrost si\u0142y oraz masy mi\u0119\u015bniowej.<\/li><\/ul><ul style=\"font-variant-ligatures: normal; font-variant-caps: normal; font-family: Dosis; font-size: 17px; font-style: normal; font-weight: 400;\"><li style=\"font-size: 17px;\"><ul style=\"font-size: 17px;\">Przeciwwskazania do u\u017cytkowania SpiderSuit:<\/ul><\/li><\/ul><p style=\"font-variant-ligatures: normal; font-variant-caps: normal; font-family: Dosis; font-size: 17px; font-style: normal; font-weight: 400;\">Bezwzgl\u0119dne:<\/p><ul style=\"font-variant-ligatures: normal; font-variant-caps: normal; font-family: Dosis; font-size: 17px; font-style: normal; font-weight: 400;\"><li style=\"font-size: 17px;\"><ul style=\"font-size: 17px;\"><li style=\"font-size: 17px;\">1. Sublokacje staw\u00f3w biodrowych powy\u017cej 35%. W tych przypadkach mo\u017cna stosowa\u0107 tylko stabilizacj\u0119 tu\u0142owia.<\/li><li style=\"font-size: 17px;\">2. Skolizy powy\u017cej 25-30 (stopni) k\u0105ta Coba, ale tylko w przypadkach skolioz idiopatycznych i strukturalnych. Kostium mo\u017cna stosowa\u0107 w skoliozach funkcjonalnych o k\u0105cie nie przekraczaj\u0105cym 25 stopni, poniewa\u017c samo zastosowanie kombinezonu powoduje znaczne obci\u0105\u017cenia osiowe nasilaj\u0105ce skrzywienie boczne kr\u0119gos\u0142upa.<\/li><li style=\"font-size: 17px;\">3. Utrwalone przykurcze staw\u00f3w biodrowych i ko\u0144czyn dolnych. U\u017cycie kombinezonu mo\u017ce pog\u0142\u0119bi\u0107 patologi\u0119.<\/li><li style=\"font-size: 17px;\">4. Choroby metaboliczne, np. zesp\u00f3\u0142 mitochondrialny.<\/li><li style=\"font-size: 17px;\">5. Choroby post\u0119puj\u0105ce np. dystrofia mi\u0119\u015bniowa \u2013 zastosowanie kostiumu SpiderSuit powoduje wzrost wydatku energetycznego u \u0107wicz\u0105cej w nim osoby. Dystrofia mi\u0119\u015bniowa jest chorob\u0105 z regu\u0142y post\u0119puj\u0105c\u0105, kt\u00f3ra w konsekwencji doprowadza do zaniku mi\u0119sni oddechowych i \u015bmierci. Zastosowanie kostiumu w tym przypadku mog\u0142oby przyspieszy\u0107 progres schorzenia.<\/li><li style=\"font-size: 17px;\">6. Choroby kr\u0119gos\u0142upa zwi\u0105zane z dyslokacj\u0105 dysku mi\u0119dzykr\u0119gowego \u2013 upi\u0119cie kostiumu powoduje na\u0142o\u017cenie na \u0107wicz\u0105cego w nim pacjenta obci\u0105\u017cenia rz\u0119du 15-40 kg, co mo\u017ce pogorszy\u0107 stan chorego.<\/li><li style=\"font-size: 17px;\">7. Zaburzenia wzrostu kostnienia \u2013 obci\u0105\u017cenia osiowe odczuwane przy zastosowaniu kostiumu SpiderSuit mog\u0105 powodowa\u0107 zniekszta\u0142cenia ko\u015bci, a nawet ich p\u0119kni\u0119cia czy z\u0142amania.<\/li><li style=\"font-size: 17px;\">8. Zesp\u00f3\u0142 Noolan.<\/li><\/ul><\/li><\/ul><p style=\"font-variant-ligatures: normal; font-variant-caps: normal; font-family: Dosis; font-size: 17px; font-style: normal; font-weight: 400;\">Wzgl\u0119dne:<\/p><ul style=\"font-variant-ligatures: normal; font-variant-caps: normal; font-family: Dosis; font-size: 17px; font-style: normal; font-weight: 400;\"><li style=\"font-size: 17px;\">1. Choroby serca.<\/li><li style=\"font-size: 17px;\">2. Niekontrolowane, lekooporne formy epilepsji.<\/li><li style=\"font-size: 17px;\">3. Wodog\u0142owie \u2013 ubranie i upi\u0119cie kostiumu powoduje wzrost ci\u015bnienia o 20%.<\/li><li style=\"font-size: 17px;\">4. Cukrzyca.<\/li><li style=\"font-size: 17px;\">5. Choroby nerek.<\/li><li style=\"font-size: 17px;\">6. Wysokie ci\u015bnienie krwi \u2013 ubranie i upi\u0119cie kostiumu powoduje wzrost ci\u015bnienia o 20%.<\/li><\/ul><ul style=\"font-variant-ligatures: normal; font-variant-caps: normal; font-family: Dosis; font-size: 17px; font-style: normal; font-weight: 400;\"><li style=\"font-size: 17px; list-style-type: none;\"><ul style=\"font-size: 17px;\">Efekty terapii z zastosowaniem kostiumu SpiderSuit:<\/ul><\/li><\/ul><ul style=\"font-variant-ligatures: normal; font-variant-caps: normal; font-family: Dosis; font-size: 17px; font-style: normal; font-weight: 400;\"><li style=\"font-size: 17px;\">1. Zewn\u0119trzna stabilizacja tu\u0142owia.<\/li><li style=\"font-size: 17px;\">2. Normalizacja tonu mi\u0119\u015bniowego.<\/li><li style=\"font-size: 17px;\">3. Nauka i poprawa techniki chodu.<\/li><li style=\"font-size: 17px;\">4. Korekcja pozycji cia\u0142a.<\/li><li style=\"font-size: 17px;\">5. Pozytywny wp\u0142yw na uk\u0142ad westykularny.<\/li><li style=\"font-size: 17px;\">6. Wspomaganie s\u0142abych mi\u0119\u015bni.<\/li><li style=\"font-size: 17px;\">7. Stymulacja sensomotoryczna.<\/li><li style=\"font-size: 17px;\">8. Redukcja odruch\u00f3w patologicznych.<\/li><li style=\"font-size: 17px;\">9. Dynamiczna korekcja nerwowo-mi\u0119\u015bniowa.<\/li><li style=\"font-size: 17px;\">10. Zwi\u0119kszenie si\u0142y i wytrzyma\u0142o\u015bci mi\u0119\u015bniowej.<\/li><li style=\"font-size: 17px;\">11. Poprawa balansu i koordynacji ruchowej.<\/li><li style=\"font-size: 17px;\">12. Zwi\u0119kszenie uwapnienia ko\u015bci.<\/li><li style=\"font-size: 17px;\">13. Rozw\u00f3j umiej\u0119tno\u015bci ruchowej umo\u017cliwiaj\u0105cych funkcjonaln\u0105 niezale\u017cno\u015b\u0107.<\/li><li style=\"font-size: 17px;\">14. Zmniejszenie ryzyka podwichni\u0119\u0107 w stawach biodrowych.<\/li><li style=\"font-size: 17px;\">15. Polepszenie propriocepcji.<\/li><li style=\"font-size: 17px;\">16. Stymulacja m\u00f3zgu oraz usprawnienia pracy Centralnego Uk\u0142adu Nerwowego.<\/li><li style=\"font-size: 17px;\">17. Poprawa p\u0142ynno\u015bci m\u00f3wienia i wymowy.<\/li><li style=\"font-size: 17px;\">18. Obci\u0105\u017cenia cia\u0142a si\u0142ami podobnymi do si\u0142 grawitacji.<\/li><li style=\"font-size: 17px;\">19. Zmniejszenie niekontrolowanych ruch\u00f3w w atetozach i ataksjach.<\/li><li style=\"font-size: 17px;\">20. Wp\u0142yw na rozw\u00f3j zar\u00f3wno ruch\u00f3w globalnych, jak i precyzyjnych.<\/li><\/ul>\t\t\t\t\t\t\t\t<\/div>\n\t\t\t\t<\/div>\n\t\t\t\t<div class=\"elementor-element elementor-element-62abc0f7 elementor-align-center elementor-widget elementor-widget-button\" data-id=\"62abc0f7\" data-element_type=\"widget\" data-e-type=\"widget\" data-widget_type=\"button.default\">\n\t\t\t\t<div class=\"elementor-widget-container\">\n\t\t\t\t\t\t\t\t\t<div class=\"elementor-button-wrapper\">\n\t\t\t\t\t<a class=\"elementor-button elementor-button-link elementor-size-sm\" href=\"http:\/\/www.fizjograwitacja.pl\">\n\t\t\t\t\t\t<span class=\"elementor-button-content-wrapper\">\n\t\t\t\t\t\t\t\t\t<span class=\"elementor-button-text\">Powr\u00f3t do strony g\u0142\u00f3wnej<\/span>\n\t\t\t\t\t<\/span>\n\t\t\t\t\t<\/a>\n\t\t\t\t<\/div>\n\t\t\t\t\t\t\t\t<\/div>\n\t\t\t\t<\/div>\n\t\t\t\t\t<\/div>\n\t\t<\/div>\n\t\t\t\t\t<\/div>\n\t\t<\/section>\n\t\t\t\t<\/div>\n\t\t","protected":false},"excerpt":{"rendered":"<p>SpiderSuit\u00a0\u2013 jest mi\u0119kk\u0105 dynamiczn\u0105 ortez\u0105, kt\u00f3ra daje ogromne mo\u017cliwo\u015bci w usprawnianiu pacjent\u00f3w z deficytami w narz\u0105dzie ruchu, jak r\u00f3wnie\u017c w schorzeniach CUN.SpiderSuit \u2013 nie jest metod\u0105 rehabilitacyjn\u0105 jest zatem narz\u0119dziem, kt\u00f3re umiej\u0119tnie wykorzystane wraz z zastosowaniem intensywnego programu rehabilitacyjnego znacznie przyspiesza progres pacjenta. Sam kombinezon SpiderSuit jest lepiej wyprofilowany. Do minimum zniwelowano problem otar\u0107 i [&hellip;]<\/p>\n","protected":false},"author":1,"featured_media":0,"parent":0,"menu_order":0,"comment_status":"closed","ping_status":"closed","template":"","meta":{"om_disable_all_campaigns":false,"_monsterinsights_skip_tracking":false,"_monsterinsights_sitenote_active":false,"_monsterinsights_sitenote_note":"","_monsterinsights_sitenote_category":0,"ocean_post_layout":"full-width","ocean_both_sidebars_style":"","ocean_both_sidebars_content_width":0,"ocean_both_sidebars_sidebars_width":0,"ocean_sidebar":"0","ocean_second_sidebar":"0","ocean_disable_margins":"enable","ocean_add_body_class":"","ocean_shortcode_before_top_bar":"","ocean_shortcode_after_top_bar":"","ocean_shortcode_before_header":"","ocean_shortcode_after_header":"","ocean_has_shortcode":"","ocean_shortcode_after_title":"","ocean_shortcode_before_footer_widgets":"","ocean_shortcode_after_footer_widgets":"","ocean_shortcode_before_footer_bottom":"","ocean_shortcode_after_footer_bottom":"","ocean_display_top_bar":"default","ocean_display_header":"off","ocean_header_style":"transparent","ocean_center_header_left_menu":"0","ocean_custom_header_template":"0","ocean_custom_logo":0,"ocean_custom_retina_logo":0,"ocean_custom_logo_max_width":0,"ocean_custom_logo_tablet_max_width":0,"ocean_custom_logo_mobile_max_width":0,"ocean_custom_logo_max_height":0,"ocean_custom_logo_tablet_max_height":0,"ocean_custom_logo_mobile_max_height":0,"ocean_header_custom_menu":"5","ocean_menu_typo_font_family":"0","ocean_menu_typo_font_subset":"","ocean_menu_typo_font_size":0,"ocean_menu_typo_font_size_tablet":0,"ocean_menu_typo_font_size_mobile":0,"ocean_menu_typo_font_size_unit":"px","ocean_menu_typo_font_weight":"","ocean_menu_typo_font_weight_tablet":"","ocean_menu_typo_font_weight_mobile":"","ocean_menu_typo_transform":"","ocean_menu_typo_transform_tablet":"","ocean_menu_typo_transform_mobile":"","ocean_menu_typo_line_height":0,"ocean_menu_typo_line_height_tablet":0,"ocean_menu_typo_line_height_mobile":0,"ocean_menu_typo_line_height_unit":"","ocean_menu_typo_spacing":0,"ocean_menu_typo_spacing_tablet":0,"ocean_menu_typo_spacing_mobile":0,"ocean_menu_typo_spacing_unit":"","ocean_menu_link_color":"","ocean_menu_link_color_hover":"","ocean_menu_link_color_active":"","ocean_menu_link_background":"","ocean_menu_link_hover_background":"","ocean_menu_link_active_background":"","ocean_menu_social_links_bg":"","ocean_menu_social_hover_links_bg":"","ocean_menu_social_links_color":"","ocean_menu_social_hover_links_color":"","ocean_disable_title":"on","ocean_disable_heading":"enable","ocean_post_title":"","ocean_post_subheading":"","ocean_post_title_style":"","ocean_post_title_background_color":"","ocean_post_title_background":0,"ocean_post_title_bg_image_position":"","ocean_post_title_bg_image_attachment":"","ocean_post_title_bg_image_repeat":"","ocean_post_title_bg_image_size":"","ocean_post_title_height":0,"ocean_post_title_bg_overlay":0.5,"ocean_post_title_bg_overlay_color":"","ocean_disable_breadcrumbs":"default","ocean_breadcrumbs_color":"","ocean_breadcrumbs_separator_color":"","ocean_breadcrumbs_links_color":"","ocean_breadcrumbs_links_hover_color":"","ocean_display_footer_widgets":"default","ocean_display_footer_bottom":"default","ocean_custom_footer_template":"0","footnotes":""},"class_list":["post-273","page","type-page","status-publish","hentry","entry"],"aioseo_notices":[],"_hostinger_reach_plugin_has_subscription_block":false,"_hostinger_reach_plugin_is_elementor":false,"_links":{"self":[{"href":"https:\/\/fizjograwitacja.pl\/index.php\/wp-json\/wp\/v2\/pages\/273","targetHints":{"allow":["GET"]}}],"collection":[{"href":"https:\/\/fizjograwitacja.pl\/index.php\/wp-json\/wp\/v2\/pages"}],"about":[{"href":"https:\/\/fizjograwitacja.pl\/index.php\/wp-json\/wp\/v2\/types\/page"}],"author":[{"embeddable":true,"href":"https:\/\/fizjograwitacja.pl\/index.php\/wp-json\/wp\/v2\/users\/1"}],"replies":[{"embeddable":true,"href":"https:\/\/fizjograwitacja.pl\/index.php\/wp-json\/wp\/v2\/comments?post=273"}],"version-history":[{"count":17,"href":"https:\/\/fizjograwitacja.pl\/index.php\/wp-json\/wp\/v2\/pages\/273\/revisions"}],"predecessor-version":[{"id":594,"href":"https:\/\/fizjograwitacja.pl\/index.php\/wp-json\/wp\/v2\/pages\/273\/revisions\/594"}],"wp:attachment":[{"href":"https:\/\/fizjograwitacja.pl\/index.php\/wp-json\/wp\/v2\/media?parent=273"}],"curies":[{"name":"wp","href":"https:\/\/api.w.org\/{rel}","templated":true}]}}